{"id":1295,"date":"2020-11-21T00:11:42","date_gmt":"2020-11-20T23:11:42","guid":{"rendered":"http:\/\/rheumabuddy.com\/privacy-policy\/"},"modified":"2021-12-28T10:34:14","modified_gmt":"2021-12-28T09:34:14","slug":"privacy-policy","status":"publish","type":"page","link":"https:\/\/rheumabuddy.com\/no\/privacy-policy\/","title":{"rendered":"Privacy Policy"},"content":{"rendered":"<section class=\"av_textblock_section \"  itemscope=\"itemscope\" itemtype=\"https:\/\/schema.org\/CreativeWork\" ><div class='avia_textblock  '   itemprop=\"text\" ><div id=\"yui_3_17_2_1_1630059037078_131\" class=\"row sqs-row\">\n<div id=\"yui_3_17_2_1_1630059037078_130\" class=\"col sqs-col-12 span-12\">\n<div id=\"block-31a12eb44ade652f3b64\" class=\"sqs-block html-block sqs-block-html\" data-block-type=\"2\">\n<div class=\"sqs-block-content\">\n<h2 aria-level=\"1\"><span data-contrast=\"none\">Personvernpolitikk<\/span><span data-ccp-props=\"{\">\u00a0<\/span><\/h2>\n<p><span data-contrast=\"auto\">Ditt personvern er viktig for RheumaBuddy. Denne erkl\u00e6ringen forklarer informasjonspraksis p\u00e5 RheumaBuddys nettsteder, herunder hvilken type opplysninger som samles og spores, hvordan disse brukes og hvem de deles med.<\/span><span data-ccp-props=\"{\">\u00a0<\/span><\/p>\n<p><span data-contrast=\"auto\">Ved \u00e5 bruke dette nettstedet samtykker du til innsamling og behandling av dine personopplysninger som beskrevet i denne personvernpolitikken. Du godtar samtidig at RheumaBuddy n\u00e5r som helst kan endre, legge til eller fjerne eller p\u00e5 andre m\u00e5ter oppdatere denne personvernpolitikken etter eget skj\u00f8nn uten \u00e5 varsle dette p\u00e5 forh\u00e5nd. Vi har som form\u00e5l \u00e5 legge ut slike endringer p\u00e5 denne siden slik at du er n\u00f8ye informert om hvilke typer opplysninger vi samler inn, hvordan vi behandler dem og under hvilke omstendigheter disse kan legges frem.<\/span><br \/>\n<span data-contrast=\"auto\">Det er enkelt \u00e5 finne v\u00e5r personvernpolitikk ettersom den er lagt ut p\u00e5 v\u00e5r hjemmeside og den er lenket til fra alle nettstedets sider hvor vi ber om personopplysninger. Der dette er n\u00f8dvendig, kan vi ved slike innsamlingspunkter gi ytterligere forklaringer om hva slik data skal brukes til. Politikken, sammen med eventuelle tilleggsopplysninger, forklarer hvordan vi behandler opplysninger om deg som du gir oss frivillig i forbindelse med din bruk av v\u00e5re nettsteder.<\/span><span data-ccp-props=\"{\">\u00a0<\/span><\/p>\n<h3 aria-level=\"2\"><span data-contrast=\"none\">Personvernl\u00f8ftet<\/span><span data-ccp-props=\"{\">\u00a0<\/span><\/h3>\n<p><span data-contrast=\"auto\">Begrepet \u00abpersonopplysninger\u00bb som brukt i denne politikken viser til ditt navn, din f\u00f8dselsdato, din e-postadresse, din postadresse, telefonnummer og IP-adresse som kan benyttes for \u00e5 identifisere deg. Generelt kommer RheumaBuddy ikke til \u00e5 behandle dine personopplysninger uten ditt samtykke. Dersom det skulle oppst\u00e5 helt uvanlige situasjoner, forbeholder vi oss likevel retten til \u00e5 gjennomf\u00f8re ytterligere behandling i den grad dette er tillatt av loven eller kreves av denne. Under neste punkt forklarer vi hvordan og n\u00e5r vi samler inn personopplysninger fra deg.<\/span><span data-ccp-props=\"{\">\u00a0<\/span><span data-ccp-props=\"{\">\u00a0<\/span><\/p>\n<h3 aria-level=\"2\"><span data-contrast=\"none\">Form\u00e5let med bruk av personopplysninger<\/span><span data-ccp-props=\"{\">\u00a0<\/span><\/h3>\n<p><span data-contrast=\"auto\">De fleste av v\u00e5re tjenester krever ikke noen form for registrering. Det betyr at du kan bes\u00f8ke nettstedet v\u00e5rt uten \u00e5 fortelle oss hvem du er. Noen tjenester forutsetter imidlertid registrering. N\u00e5r du registrerer deg hos oss kan det hende at du m\u00e5 fylle ut visse felt (noen er p\u00e5krevd og noen er valgfri), og velge et brukernavn og passord. Dersom du velger \u00e5 ikke utlevere personopplysningene vi ber om, kan dette bety at du ikke f\u00e5r tilgang til visse deler av nettstedet. Det kan ogs\u00e5 bety at vi ikke kan besvare ditt sp\u00f8rsm\u00e5l.<\/span><br \/>\n<span data-contrast=\"auto\">Vi behandler personopplysninger i forbindelse med det form\u00e5let vi oppgir n\u00e5r vi ber om opplysninger. For eksempel kan vi samle inn og bruke personopplysninger for \u00e5 levere tjenester til deg eller kommunisere med deg for andre form\u00e5l. Vi lagrer dine opplysninger i henhold til eventuelle rettslige eller etiske krav som gjelder rapportering eller oppbevaring av dokumentasjon.<\/span><span data-ccp-props=\"{\">\u00a0<\/span><\/p>\n<h3 aria-level=\"2\"><span data-contrast=\"none\">Fortrolig behandling av opplysninger<\/span><span data-ccp-props=\"{\">\u00a0<\/span><\/h3>\n<p><span data-contrast=\"auto\">Vi skal ikke selge, dele eller p\u00e5 andre m\u00e5ter distribuere dine personopplysninger til eller med tredjeparter p\u00e5 andre m\u00e5ter enn det som er angitt i denne personvernpolitikken. Personopplysninger kan i noen tilfeller overf\u00f8res til tredjeparter som handler for eller p\u00e5 vegne av RheumaBuddy eller i forbindelse med RheumaBuddys forretningsaktiviteter, for viderebehandling iht. form\u00e5let\/form\u00e5lene som opplysningene opprinnelig ble innsamlet til, slik som leveringstjenester, evaluering eller teknisk st\u00f8tte. Dette er tredjeparter som har inng\u00e5tt avtaler med RheumaBuddy om at de kun kommer til \u00e5 bruke personopplysninger til de form\u00e5lene som er avtalt og ikke selge dine personopplysninger til tredjeparter, samt at de ikke vil gi tredjeparter tilgang til disse utover det som er lovp\u00e5lagt. I de tilfeller der tredjeparter f\u00e5r tilgang til personopplysninger skal vi s\u00f8ke \u00e5 s\u00f8rge for at disse behandles iht. de form\u00e5lene og innenfor de begrensningene som personopplysningene opprinnelig ble samlet inn under.<\/span><\/p>\n<p><span data-contrast=\"auto\">Det finnes to andre sammenhenger der personopplysninger samlet inn fra deg kan overf\u00f8res til tredjeparter. Den f\u00f8rste er dersom forretningsaktivitetene rundt dette nettstedet og kundeopplysningene knyttet til det selges, tildeles eller overdras; i en slik situasjon vil vi kreve at den parten som kj\u00f8per, f\u00e5r tildelt eller overdratt disse skal behandle personopplysningene iht. denne personvernpolitikken. Den andre sammenhengen der personopplysninger kan bli gjort tilgjengelige for tredjeparter er dersom vi er p\u00e5lagt dette av gjeldende lov, rettslig kjennelse eller offentlig regelverk, eller dersom slikt innsyn er n\u00f8dvendig p\u00e5 andre m\u00e5ter for \u00e5 bidra til rettslig eller strafferettslig etterforskning.<\/span><span data-ccp-props=\"{\">\u00a0<\/span><span data-ccp-props=\"{\">\u00a0<\/span><\/p>\n<h3 aria-level=\"2\"><span data-contrast=\"none\">Innsynsrett<\/span><span data-ccp-props=\"{\">\u00a0<\/span><\/h3>\n<p><span data-contrast=\"auto\">Du har rett til p\u00e5 ethvert tidspunkt \u00e5 forsikre deg om at dine personopplysninger er oppdaterte. Dersom du \u00f8nsker \u00e5 kontakte oss i forbindelse med v\u00e5r bruk av dine personopplysninger, vennligst send oss en e-post p\u00e5<\/span><a href=\"mailto:support@rheumabuddy.com\"><span data-contrast=\"none\">support@rheumabuddy.com<\/span><\/a><span data-contrast=\"auto\">. Dersom du kontakter oss, vennligst noter den konkrete opplysningen du \u00f8nsker vi skal rette opp, oppdatere eller slette. Vi skal besvare din henvendelse p\u00e5 en rask og passende m\u00e5te. Krav om \u00e5 slette personopplysninger er underlagt de p\u00e5 ethvert tidspunkt gjeldende rettslige og etiske krav om rapportering, innlevering og oppbevaring av dokumenter som vi er underlagt.<\/span><span data-ccp-props=\"{\">\u00a0<\/span><\/p>\n<h3 aria-level=\"2\"><span data-contrast=\"none\">Sikkerhet og fortrolighet<\/span><span data-ccp-props=\"{\">\u00a0<\/span><\/h3>\n<p><span data-contrast=\"auto\">For \u00e5 sikre sikkerheten og fortrolig behandling av personopplysningene som vi samler inn p\u00e5 nett, bruker vi datanettverk som er beskyttet med brannmur og passord i tr\u00e5d med bransjenormen. I forbindelse med at vi h\u00e5ndterer dine personopplysninger iverksetter vi tiltak som er utformet slik at du beskyttes p\u00e5 en rimelig m\u00e5te mot tap, misbruk, uautorisert tilgang, offentliggj\u00f8ring, endring eller \u00f8deleggelse. Selv om det er umulig for oss \u00e5 gi noen garantier mot at opplysninger g\u00e5r tapt, misbrukes eller endres, pr\u00f8ver vi \u00e5 forhindre denne typen uheldige hendelser.<\/span><span data-ccp-props=\"{\">\u00a0<\/span><span data-ccp-props=\"{\">\u00a0<\/span><\/p>\n<h3 aria-level=\"2\"><span data-contrast=\"none\">Anonyme opplysninger og informasjonskapsler (cookies) <\/span><span data-ccp-props=\"{\">\u00a0<\/span><\/h3>\n<p><span data-contrast=\"auto\">Det er mulig at vi vil samle inn og behandle anonyme opplysninger om ditt bes\u00f8k p\u00e5 dette nettstedet, slik som noen av sidene du bes\u00f8ker og noen av s\u00f8kene du gjennomf\u00f8rer. Vi bruker slike anonyme opplysninger for \u00e5 bidra til \u00e5 forbedre nettstedets innhold og samle aggregert statistikk om enkeltpersoner som bruker v\u00e5rt nettsted. Denne statistikken bruker vi i interne markedsunders\u00f8kelser. N\u00e5r vi gj\u00f8r dette kan vi lagre informasjonskapsler (\u00abcookies\u00bb) som samler inn brukerens f\u00f8rstedomenenavn (f.eks. \u00abhotmail.com\u00bb fra e-postadressen til \u201c<\/span><a href=\"mailto:john@hotmail.com\"><span data-contrast=\"none\">john@hotmail.com<\/span><\/a><span data-contrast=\"auto\">\u201d) og dato og tidspunkt for tilgangen. Informasjonskapslene vi bruker kan ikke brukes til \u00e5 fastsl\u00e5 identiteten til enkeltbrukere. En informasjonskapsel er en liten informasjonsbit som sendes til din nettleser og lagres p\u00e5 harddisken til din datamaskin.<\/span><\/p>\n<p><span data-contrast=\"auto\">Informasjonskapslene er ikke skadelige for datamaskinen. Du kan sette nettleserens innstillinger slik at du f\u00e5r et varsel n\u00e5r du mottar en informasjonskapsel. Slik f\u00e5r du muligheten til \u00e5 bestemme om du \u00f8nsker \u00e5 godta informasjonskapselen eller ikke. Det er mulig at vi henter inn tjenester fra utenforst\u00e5ende parter for \u00e5 bist\u00e5 oss i samle inn og behandle opplysningene som er beskrevet i denne delen. Alle slike tredjeparter skal p\u00e5legges de forpliktelsene som er beskrevet i punktet \u00abFortrolig behandling av opplysninger\u00bb.<\/span><\/p>\n<p><span data-contrast=\"auto\">Ved noen anledninger kan vi bruke internett-tagger (ogs\u00e5 kjent som handlingstagger, enkelt-pixel GIF-er, klare GIF-er, usynlige GIF-er og 1-for-1 GIFer) sammen med informasjonskapsler p\u00e5 dette nettstedet og det kan hende at vi bruker disse taggene gjennom en tredjeparts annonsepartner. Disse taggene plasseres b\u00e5de p\u00e5 annonser p\u00e5 nettet som f\u00f8rer brukere til nettstedet og p\u00e5 ulike sider p\u00e5 nettstedet. Vi bruker denne teknologien for \u00e5 m\u00e5le bes\u00f8kendes respons til v\u00e5re nettsteder og hvor virksomme v\u00e5re annonsekampanjer er (herunder hvor mange ganger en side \u00e5pnes og hvilke opplysninger som ettersp\u00f8rres). Med utgangspunkt i disse internett-taggene\/informasjonskapslene vil denne tredjeparten kunne samle inn anonym aggregert data om bes\u00f8kende til andre nettsteder. Vi \u00f8nsker at du er trygg p\u00e5 at disse taggene eller informasjonskapslene ikke benyttes for \u00e5 samle inn eller s\u00f8ke personlig identifiserbare opplysninger om v\u00e5re bes\u00f8kende, slik som navn, adresse, e-postadresse eller telefonnummer.<\/span><span data-ccp-props=\"{\">\u00a0<\/span><\/p>\n<h3><span data-contrast=\"none\">Lenker til andre nettsteder<\/span><span data-ccp-props=\"{\">\u00a0<\/span><\/h3>\n<p><span data-contrast=\"auto\">Denne personvernpolitikken gjelder kun for dette nettstedet. Vi kan legge ut lenker til andre nettsteder som vi har grunn til \u00e5 tro kan v\u00e6re av interesse for v\u00e5re bes\u00f8kende. Det er v\u00e5rt m\u00e5l at nettstedene vi lenker til er av h\u00f8yest mulig kvalitet. Men fordi World Wide Web er som det er, kan vi ikke garantere personvernniv\u00e5et til hvert enkelt nettsted som vi legger ut lenke til eller v\u00e6re ansvarlige for innholdet til andre nettsteder enn dette nettstedet, og denne personvernpolitikken omfatter ikke andre nettsteder som ikke er RheumaBuddy, men som vi har lagt ut en lenke til.<\/span><span data-ccp-props=\"{\">\u00a0<\/span><\/p>\n<h3 aria-level=\"2\"><span data-contrast=\"none\">Kontakt oss<\/span><span data-ccp-props=\"{\">\u00a0<\/span><\/h3>\n<p><span data-contrast=\"auto\">Dersom du har noen sp\u00f8rsm\u00e5l eller klager som gjelder v\u00e5r etterlevelse av denne personvernpolitikken, eller dersom du \u00f8nsker \u00e5 komme med anbefalinger eller merknader som tar sikte p\u00e5 \u00e5 forbedre personvernpolitikkens kvalitet, vennligst <\/span><a href=\"mailto:support@rheumabuddy.com\"><span data-contrast=\"none\">Kontakt oss<\/span><\/a><span data-contrast=\"auto\">.<\/span><span data-ccp-props=\"{\">\u00a0<\/span><\/p>\n<\/div>\n<\/div>\n<\/div>\n<\/div>\n<div id=\"yui_3_17_2_1_1630059037078_164\" class=\"row sqs-row\">\n<div id=\"yui_3_17_2_1_1630059037078_163\" class=\"col sqs-col-12 span-12\">\n<div id=\"yui_3_17_2_1_1630059037078_190\" class=\"row sqs-row\">\n<div id=\"yui_3_17_2_1_1630059037078_189\" class=\"col sqs-col-9 span-9\">\n<div id=\"block-725c386ba571942ad965\" class=\"sqs-block html-block sqs-block-html\" data-block-type=\"2\">\n<div id=\"yui_3_17_2_1_1630059037078_193\" class=\"sqs-block-content\"><\/div>\n<\/div>\n<\/div>\n<\/div>\n<\/div>\n<\/div>\n<\/div><\/section>\n","protected":false},"excerpt":{"rendered":"","protected":false},"author":2,"featured_media":0,"parent":0,"menu_order":3,"comment_status":"closed","ping_status":"closed","template":"","meta":{"footnotes":""},"class_list":["post-1295","page","type-page","status-publish","hentry"],"yoast_head":"<!-- This site is optimized with the Yoast SEO plugin v19.13 - https:\/\/yoast.com\/wordpress\/plugins\/seo\/ -->\n<title>Privacy Policy - RheumaBuddy<\/title>\n<meta name=\"robots\" content=\"index, follow, max-snippet:-1, max-image-preview:large, max-video-preview:-1\" \/>\n<link rel=\"canonical\" href=\"https:\/\/rheumabuddy.com\/no\/privacy-policy\/\" \/>\n<meta property=\"og:locale\" content=\"nb_NO\" \/>\n<meta property=\"og:type\" content=\"article\" \/>\n<meta property=\"og:title\" content=\"Privacy Policy - RheumaBuddy\" \/>\n<meta property=\"og:url\" content=\"https:\/\/rheumabuddy.com\/no\/privacy-policy\/\" \/>\n<meta property=\"og:site_name\" content=\"RheumaBuddy\" \/>\n<meta property=\"article:modified_time\" content=\"2021-12-28T09:34:14+00:00\" \/>\n<meta name=\"twitter:card\" content=\"summary_large_image\" \/>\n<meta name=\"twitter:label1\" content=\"Ansl. lesetid\" \/>\n\t<meta name=\"twitter:data1\" content=\"6 minutter\" \/>\n<script type=\"application\/ld+json\" class=\"yoast-schema-graph\">{\"@context\":\"https:\/\/schema.org\",\"@graph\":[{\"@type\":\"WebPage\",\"@id\":\"https:\/\/rheumabuddy.com\/no\/privacy-policy\/\",\"url\":\"https:\/\/rheumabuddy.com\/no\/privacy-policy\/\",\"name\":\"Privacy Policy - RheumaBuddy\",\"isPartOf\":{\"@id\":\"https:\/\/rheumabuddy.com\/no\/#website\"},\"datePublished\":\"2020-11-20T23:11:42+00:00\",\"dateModified\":\"2021-12-28T09:34:14+00:00\",\"breadcrumb\":{\"@id\":\"https:\/\/rheumabuddy.com\/no\/privacy-policy\/#breadcrumb\"},\"inLanguage\":\"nb-NO\",\"potentialAction\":[{\"@type\":\"ReadAction\",\"target\":[\"https:\/\/rheumabuddy.com\/no\/privacy-policy\/\"]}]},{\"@type\":\"BreadcrumbList\",\"@id\":\"https:\/\/rheumabuddy.com\/no\/privacy-policy\/#breadcrumb\",\"itemListElement\":[{\"@type\":\"ListItem\",\"position\":1,\"name\":\"Home\",\"item\":\"https:\/\/rheumabuddy.com\/no\/\"},{\"@type\":\"ListItem\",\"position\":2,\"name\":\"Privacy Policy\"}]},{\"@type\":\"WebSite\",\"@id\":\"https:\/\/rheumabuddy.com\/no\/#website\",\"url\":\"https:\/\/rheumabuddy.com\/no\/\",\"name\":\"RheumaBuddy\",\"description\":\"Gain a greater control of your arthritis\",\"potentialAction\":[{\"@type\":\"SearchAction\",\"target\":{\"@type\":\"EntryPoint\",\"urlTemplate\":\"https:\/\/rheumabuddy.com\/no\/?s={search_term_string}\"},\"query-input\":\"required name=search_term_string\"}],\"inLanguage\":\"nb-NO\"}]}<\/script>\n<!-- \/ Yoast SEO plugin. -->","yoast_head_json":{"title":"Privacy Policy - RheumaBuddy","robots":{"index":"index","follow":"follow","max-snippet":"max-snippet:-1","max-image-preview":"max-image-preview:large","max-video-preview":"max-video-preview:-1"},"canonical":"https:\/\/rheumabuddy.com\/no\/privacy-policy\/","og_locale":"nb_NO","og_type":"article","og_title":"Privacy Policy - RheumaBuddy","og_url":"https:\/\/rheumabuddy.com\/no\/privacy-policy\/","og_site_name":"RheumaBuddy","article_modified_time":"2021-12-28T09:34:14+00:00","twitter_card":"summary_large_image","twitter_misc":{"Ansl. lesetid":"6 minutter"},"schema":{"@context":"https:\/\/schema.org","@graph":[{"@type":"WebPage","@id":"https:\/\/rheumabuddy.com\/no\/privacy-policy\/","url":"https:\/\/rheumabuddy.com\/no\/privacy-policy\/","name":"Privacy Policy - RheumaBuddy","isPartOf":{"@id":"https:\/\/rheumabuddy.com\/no\/#website"},"datePublished":"2020-11-20T23:11:42+00:00","dateModified":"2021-12-28T09:34:14+00:00","breadcrumb":{"@id":"https:\/\/rheumabuddy.com\/no\/privacy-policy\/#breadcrumb"},"inLanguage":"nb-NO","potentialAction":[{"@type":"ReadAction","target":["https:\/\/rheumabuddy.com\/no\/privacy-policy\/"]}]},{"@type":"BreadcrumbList","@id":"https:\/\/rheumabuddy.com\/no\/privacy-policy\/#breadcrumb","itemListElement":[{"@type":"ListItem","position":1,"name":"Home","item":"https:\/\/rheumabuddy.com\/no\/"},{"@type":"ListItem","position":2,"name":"Privacy Policy"}]},{"@type":"WebSite","@id":"https:\/\/rheumabuddy.com\/no\/#website","url":"https:\/\/rheumabuddy.com\/no\/","name":"RheumaBuddy","description":"Gain a greater control of your arthritis","potentialAction":[{"@type":"SearchAction","target":{"@type":"EntryPoint","urlTemplate":"https:\/\/rheumabuddy.com\/no\/?s={search_term_string}"},"query-input":"required name=search_term_string"}],"inLanguage":"nb-NO"}]}},"_links":{"self":[{"href":"https:\/\/rheumabuddy.com\/no\/wp-json\/wp\/v2\/pages\/1295","targetHints":{"allow":["GET"]}}],"collection":[{"href":"https:\/\/rheumabuddy.com\/no\/wp-json\/wp\/v2\/pages"}],"about":[{"href":"https:\/\/rheumabuddy.com\/no\/wp-json\/wp\/v2\/types\/page"}],"author":[{"embeddable":true,"href":"https:\/\/rheumabuddy.com\/no\/wp-json\/wp\/v2\/users\/2"}],"replies":[{"embeddable":true,"href":"https:\/\/rheumabuddy.com\/no\/wp-json\/wp\/v2\/comments?post=1295"}],"version-history":[{"count":2,"href":"https:\/\/rheumabuddy.com\/no\/wp-json\/wp\/v2\/pages\/1295\/revisions"}],"predecessor-version":[{"id":2550,"href":"https:\/\/rheumabuddy.com\/no\/wp-json\/wp\/v2\/pages\/1295\/revisions\/2550"}],"wp:attachment":[{"href":"https:\/\/rheumabuddy.com\/no\/wp-json\/wp\/v2\/media?parent=1295"}],"curies":[{"name":"wp","href":"https:\/\/api.w.org\/{rel}","templated":true}]}}