{"id":1252,"date":"2020-12-10T09:06:01","date_gmt":"2020-12-10T08:06:01","guid":{"rendered":"http:\/\/rheumabuddy.com\/sponsor\/"},"modified":"2022-04-26T12:55:09","modified_gmt":"2022-04-26T10:55:09","slug":"sponsor","status":"publish","type":"page","link":"https:\/\/rheumabuddy.com\/no\/sponsor\/","title":{"rendered":"Sponsor"},"content":{"rendered":"<div id='sponsor'  class='avia-section main_color avia-section-default avia-no-border-styling  avia-full-stretch avia-bg-style-scroll  avia-builder-el-0  avia-builder-el-no-sibling   container_wrap fullsize' style='background-color: #ffffff; background-repeat: no-repeat; background-image: url(https:\/\/rheumabuddy.com\/wp-content\/uploads\/2021\/02\/Galapagos-3screens-scaled.jpg);background-attachment: scroll; background-position: center center;  margin-bottom:0; '  data-section-bg-repeat='stretch'><div class='container' ><main  role=\"main\" itemprop=\"mainContentOfPage\"  class='template-page content  av-content-full alpha units'><div class='post-entry post-entry-type-page post-entry-1252'><div class='entry-content-wrapper clearfix'>\n<div  style='height:20px' class='hr hr-invisible   avia-builder-el-1  el_before_av_image  avia-builder-el-first '><span class='hr-inner ' ><span class='hr-inner-style'><\/span><\/span><\/div>\n<div  class='avia-image-container  av-styling-   av-desktop-hide av-medium-hide  avia-builder-el-2  el_after_av_hr  el_before_av_one_half  avia-align-right '  itemprop=\"image\" itemscope=\"itemscope\" itemtype=\"https:\/\/schema.org\/ImageObject\"  ><div class='avia-image-container-inner'><div class='avia-image-overlay-wrap'><img fetchpriority=\"high\" fetchpriority=\"high\" decoding=\"async\" class='wp-image-1253 avia-img-lazy-loading-not-1253 avia_image' src=\"https:\/\/rheumabuddy.com\/wp-content\/uploads\/2021\/02\/Galapagos-3screens-scaled.jpg\" alt='' title='Galapagos-3screens' height=\"1503\" width=\"2560\"  itemprop=\"thumbnailUrl\" srcset=\"https:\/\/rheumabuddy.com\/wp-content\/uploads\/2021\/02\/Galapagos-3screens-scaled.jpg 2560w, https:\/\/rheumabuddy.com\/wp-content\/uploads\/2021\/02\/Galapagos-3screens-300x176.jpg 300w, https:\/\/rheumabuddy.com\/wp-content\/uploads\/2021\/02\/Galapagos-3screens-1030x605.jpg 1030w, https:\/\/rheumabuddy.com\/wp-content\/uploads\/2021\/02\/Galapagos-3screens-768x451.jpg 768w, https:\/\/rheumabuddy.com\/wp-content\/uploads\/2021\/02\/Galapagos-3screens-1536x902.jpg 1536w, https:\/\/rheumabuddy.com\/wp-content\/uploads\/2021\/02\/Galapagos-3screens-2048x1202.jpg 2048w, https:\/\/rheumabuddy.com\/wp-content\/uploads\/2021\/02\/Galapagos-3screens-1500x881.jpg 1500w, https:\/\/rheumabuddy.com\/wp-content\/uploads\/2021\/02\/Galapagos-3screens-705x414.jpg 705w\" sizes=\"(max-width: 2560px) 100vw, 2560px\" \/><\/div><\/div><\/div>\n<div class='flex_column_table av-equal-height-column-flextable -flextable' ><div class=\"flex_column av_one_half  no_margin flex_column_table_cell av-equal-height-column av-align-top first  avia-builder-el-3  el_after_av_image  el_before_av_one_half  \" style='padding:0px 0px 0px 50px ; border-radius:0px; '><\/div><div class=\"flex_column av_one_half  no_margin flex_column_table_cell av-equal-height-column av-align-top av-zero-column-padding   avia-builder-el-4  el_after_av_one_half  el_before_av_hr  \" style='border-radius:0px; '><section class=\"av_textblock_section \"  itemscope=\"itemscope\" itemtype=\"https:\/\/schema.org\/CreativeWork\" ><div class='avia_textblock  av_inherit_color '   itemprop=\"text\" ><h2><span class=\"TextRun MacChromeBold SCXW2850056 BCX0\" data-contrast=\"none\"><span class=\"NormalTextRun SCXW2850056 BCX0\" data-ccp-charstyle=\"Strong\">Sponsoravtale med Gal\u00e1pagos muliggj\u00f8r forbedringer til RheumaBuddy <\/span><\/span><span class=\"EOP SCXW2850056 BCX0\" data-ccp-props=\"{\">\u00a0<\/span><\/h2>\n<p><span data-contrast=\"auto\">Den \u00f8konomiske st\u00f8tten fra RheumaBuddy-sponsorene gj\u00f8r det mulig for \u00e5 oss \u00e5 videreutvikle RheumaBuddy med viktige funksjoner som \u00f8ker brukeropplevelsen b\u00e5de for personer med leddgikt og helsepersonell.<\/span><span data-ccp-props=\"{}\">\u00a0<\/span><\/p>\n<p><b><span data-contrast=\"auto\">Om Gal\u00e1pagos<\/span><\/b><\/p>\n<p>Gal\u00e1pagos er dedikert til \u00e5 utvikle nyskapende legemidler for livstruende sykdommer \u2013 og vi erkjenner at legemidler ikke er nok for \u00e5 takle de utfordringene mennesker og enkeltgrupper st\u00e5r overfor.<\/p>\n<p>Dette er grunnen til at vi arbeider med organisasjoner over hele verden for \u00e5 lansere programmer som bidrar til \u00e5 forbedre tilgang til helsehjelp ved \u00e5 fjerne barrierer og fremme utdannelse.<\/p>\n<\/div><\/section><br \/>\n<div  class='avia-image-container avia_animated_image avia_animate_when_almost_visible bottom-to-top av-styling-    avia-builder-el-6  el_after_av_textblock  avia-builder-el-last  avia-align-left '  itemprop=\"image\" itemscope=\"itemscope\" itemtype=\"https:\/\/schema.org\/ImageObject\"  ><div class='avia-image-container-inner'><div class='avia-image-overlay-wrap'><img decoding=\"async\" class='wp-image-0 avia-img-lazy-loading-not-0 avia_image' src=\"http:\/\/rheumabuddy.com\/wp-content\/uploads\/2021\/02\/galapagos-300x66.png\" alt='' title=''   itemprop=\"thumbnailUrl\"  \/><\/div><\/div><\/div><\/p><\/div><\/div><!--close column table wrapper. Autoclose: 1 --><div  style='height:200px' class='hr hr-invisible  av-small-hide av-mini-hide  avia-builder-el-7  el_after_av_one_half  el_before_av_hr '><span class='hr-inner ' ><span class='hr-inner-style'><\/span><\/span><\/div>\n<div  style='height:50px' class='hr hr-invisible  av-desktop-hide av-medium-hide  avia-builder-el-8  el_after_av_hr  avia-builder-el-last '><span class='hr-inner ' ><span class='hr-inner-style'><\/span><\/span><\/div>\n\n","protected":false},"excerpt":{"rendered":"","protected":false},"author":9,"featured_media":0,"parent":0,"menu_order":3,"comment_status":"closed","ping_status":"closed","template":"","meta":{"footnotes":""},"class_list":["post-1252","page","type-page","status-publish","hentry"],"yoast_head":"<!-- This site is optimized with the Yoast SEO plugin v19.13 - https:\/\/yoast.com\/wordpress\/plugins\/seo\/ -->\n<title>Sponsor - RheumaBuddy<\/title>\n<meta name=\"robots\" content=\"index, follow, max-snippet:-1, max-image-preview:large, max-video-preview:-1\" \/>\n<link rel=\"canonical\" href=\"https:\/\/rheumabuddy.com\/no\/sponsor\/\" \/>\n<meta property=\"og:locale\" content=\"nb_NO\" \/>\n<meta property=\"og:type\" content=\"article\" \/>\n<meta property=\"og:title\" content=\"Sponsor - RheumaBuddy\" \/>\n<meta property=\"og:url\" content=\"https:\/\/rheumabuddy.com\/no\/sponsor\/\" \/>\n<meta property=\"og:site_name\" content=\"RheumaBuddy\" \/>\n<meta property=\"article:modified_time\" content=\"2022-04-26T10:55:09+00:00\" \/>\n<meta name=\"twitter:card\" content=\"summary_large_image\" \/>\n<meta name=\"twitter:label1\" content=\"Ansl. lesetid\" \/>\n\t<meta name=\"twitter:data1\" content=\"2 minutter\" \/>\n<script type=\"application\/ld+json\" class=\"yoast-schema-graph\">{\"@context\":\"https:\/\/schema.org\",\"@graph\":[{\"@type\":\"WebPage\",\"@id\":\"https:\/\/rheumabuddy.com\/no\/sponsor\/\",\"url\":\"https:\/\/rheumabuddy.com\/no\/sponsor\/\",\"name\":\"Sponsor - RheumaBuddy\",\"isPartOf\":{\"@id\":\"https:\/\/rheumabuddy.com\/no\/#website\"},\"datePublished\":\"2020-12-10T08:06:01+00:00\",\"dateModified\":\"2022-04-26T10:55:09+00:00\",\"breadcrumb\":{\"@id\":\"https:\/\/rheumabuddy.com\/no\/sponsor\/#breadcrumb\"},\"inLanguage\":\"nb-NO\",\"potentialAction\":[{\"@type\":\"ReadAction\",\"target\":[\"https:\/\/rheumabuddy.com\/no\/sponsor\/\"]}]},{\"@type\":\"BreadcrumbList\",\"@id\":\"https:\/\/rheumabuddy.com\/no\/sponsor\/#breadcrumb\",\"itemListElement\":[{\"@type\":\"ListItem\",\"position\":1,\"name\":\"Home\",\"item\":\"https:\/\/rheumabuddy.com\/no\/\"},{\"@type\":\"ListItem\",\"position\":2,\"name\":\"Sponsor\"}]},{\"@type\":\"WebSite\",\"@id\":\"https:\/\/rheumabuddy.com\/no\/#website\",\"url\":\"https:\/\/rheumabuddy.com\/no\/\",\"name\":\"RheumaBuddy\",\"description\":\"Gain a greater control of your arthritis\",\"potentialAction\":[{\"@type\":\"SearchAction\",\"target\":{\"@type\":\"EntryPoint\",\"urlTemplate\":\"https:\/\/rheumabuddy.com\/no\/?s={search_term_string}\"},\"query-input\":\"required name=search_term_string\"}],\"inLanguage\":\"nb-NO\"}]}<\/script>\n<!-- \/ Yoast SEO plugin. -->","yoast_head_json":{"title":"Sponsor - RheumaBuddy","robots":{"index":"index","follow":"follow","max-snippet":"max-snippet:-1","max-image-preview":"max-image-preview:large","max-video-preview":"max-video-preview:-1"},"canonical":"https:\/\/rheumabuddy.com\/no\/sponsor\/","og_locale":"nb_NO","og_type":"article","og_title":"Sponsor - RheumaBuddy","og_url":"https:\/\/rheumabuddy.com\/no\/sponsor\/","og_site_name":"RheumaBuddy","article_modified_time":"2022-04-26T10:55:09+00:00","twitter_card":"summary_large_image","twitter_misc":{"Ansl. lesetid":"2 minutter"},"schema":{"@context":"https:\/\/schema.org","@graph":[{"@type":"WebPage","@id":"https:\/\/rheumabuddy.com\/no\/sponsor\/","url":"https:\/\/rheumabuddy.com\/no\/sponsor\/","name":"Sponsor - RheumaBuddy","isPartOf":{"@id":"https:\/\/rheumabuddy.com\/no\/#website"},"datePublished":"2020-12-10T08:06:01+00:00","dateModified":"2022-04-26T10:55:09+00:00","breadcrumb":{"@id":"https:\/\/rheumabuddy.com\/no\/sponsor\/#breadcrumb"},"inLanguage":"nb-NO","potentialAction":[{"@type":"ReadAction","target":["https:\/\/rheumabuddy.com\/no\/sponsor\/"]}]},{"@type":"BreadcrumbList","@id":"https:\/\/rheumabuddy.com\/no\/sponsor\/#breadcrumb","itemListElement":[{"@type":"ListItem","position":1,"name":"Home","item":"https:\/\/rheumabuddy.com\/no\/"},{"@type":"ListItem","position":2,"name":"Sponsor"}]},{"@type":"WebSite","@id":"https:\/\/rheumabuddy.com\/no\/#website","url":"https:\/\/rheumabuddy.com\/no\/","name":"RheumaBuddy","description":"Gain a greater control of your arthritis","potentialAction":[{"@type":"SearchAction","target":{"@type":"EntryPoint","urlTemplate":"https:\/\/rheumabuddy.com\/no\/?s={search_term_string}"},"query-input":"required name=search_term_string"}],"inLanguage":"nb-NO"}]}},"_links":{"self":[{"href":"https:\/\/rheumabuddy.com\/no\/wp-json\/wp\/v2\/pages\/1252","targetHints":{"allow":["GET"]}}],"collection":[{"href":"https:\/\/rheumabuddy.com\/no\/wp-json\/wp\/v2\/pages"}],"about":[{"href":"https:\/\/rheumabuddy.com\/no\/wp-json\/wp\/v2\/types\/page"}],"author":[{"embeddable":true,"href":"https:\/\/rheumabuddy.com\/no\/wp-json\/wp\/v2\/users\/9"}],"replies":[{"embeddable":true,"href":"https:\/\/rheumabuddy.com\/no\/wp-json\/wp\/v2\/comments?post=1252"}],"version-history":[{"count":5,"href":"https:\/\/rheumabuddy.com\/no\/wp-json\/wp\/v2\/pages\/1252\/revisions"}],"predecessor-version":[{"id":3141,"href":"https:\/\/rheumabuddy.com\/no\/wp-json\/wp\/v2\/pages\/1252\/revisions\/3141"}],"wp:attachment":[{"href":"https:\/\/rheumabuddy.com\/no\/wp-json\/wp\/v2\/media?parent=1252"}],"curies":[{"name":"wp","href":"https:\/\/api.w.org\/{rel}","templated":true}]}}