{"id":3657,"date":"2022-07-04T17:48:25","date_gmt":"2022-07-04T15:48:25","guid":{"rendered":"https:\/\/rheumabuddy.com\/?page_id=3657"},"modified":"2025-06-06T21:47:27","modified_gmt":"2025-06-06T19:47:27","slug":"terms-of-use","status":"publish","type":"page","link":"https:\/\/rheumabuddy.com\/de-ch\/terms-of-use\/","title":{"rendered":"Terms of Use"},"content":{"rendered":"<section class=\"av_textblock_section \"  itemscope=\"itemscope\" itemtype=\"https:\/\/schema.org\/CreativeWork\" ><div class='avia_textblock  '   itemprop=\"text\" ><div id=\"yui_3_17_2_1_1630059037078_131\" class=\"row sqs-row\">\n<div id=\"yui_3_17_2_1_1630059037078_130\" class=\"col sqs-col-12 span-12\">\n<div id=\"block-31a12eb44ade652f3b64\" class=\"sqs-block html-block sqs-block-html\" data-block-type=\"2\">\n<div class=\"sqs-block-content\">\n<div id=\"yui_3_17_2_1_1630059037078_131\" class=\"row sqs-row\">\n<div id=\"yui_3_17_2_1_1630059037078_130\" class=\"col sqs-col-12 span-12\">\n<div id=\"block-31a12eb44ade652f3b64\" class=\"sqs-block html-block sqs-block-html\" data-block-type=\"2\">\n<div class=\"sqs-block-content\">\n<div id=\"yui_3_17_2_1_1630059037078_131\" class=\"row sqs-row\">\n<div id=\"yui_3_17_2_1_1630059037078_130\" class=\"col sqs-col-12 span-12\">\n<div id=\"block-31a12eb44ade652f3b64\" class=\"sqs-block html-block sqs-block-html\" data-block-type=\"2\">\n<div class=\"sqs-block-content\">\n<div id=\"yui_3_17_2_1_1630059037078_131\" class=\"row sqs-row\">\n<div id=\"yui_3_17_2_1_1630059037078_130\" class=\"col sqs-col-12 span-12\">\n<div id=\"block-31a12eb44ade652f3b64\" class=\"sqs-block html-block sqs-block-html\" data-block-type=\"2\">\n<div class=\"sqs-block-content\">\n<h2 aria-level=\"1\"><span class=\"TextRun SCXW243646748 BCX0\" lang=\"DE-DE\" xml:lang=\"DE-DE\" data-contrast=\"auto\"><span class=\"NormalTextRun SCXW243646748 BCX0\">Nutzungsbedingungen<\/span><\/span><\/h2>\n<p><span data-contrast=\"auto\"><span class=\"TextRun SCXW38066693 BCX0\" lang=\"DE-DE\" xml:lang=\"DE-DE\" data-contrast=\"auto\"><span class=\"NormalTextRun SCXW38066693 BCX0\">WAS STEHT IN DIESEN BEDINGUNGEN<\/span><\/span>?<\/span><span data-ccp-props=\"{\">\u00a0<\/span><\/p>\n<p><span data-contrast=\"auto\"><span class=\"NormalTextRun SCXW30292438 BCX0\">Die<\/span><span class=\"NormalTextRun SCXW30292438 BCX0\">se <\/span><span class=\"NormalTextRun SCXW30292438 BCX0\">ordnungsgem\u00e4\u00dfen Nutzungsbedingungen <\/span><span class=\"NormalTextRun SCXW30292438 BCX0\">legen die Inhalt<\/span><span class=\"NormalTextRun SCXW30292438 BCX0\">standards <\/span><span class=\"NormalTextRun SCXW30292438 BCX0\">fest, die gelten, wenn Sie die App<\/span> <span class=\"NormalTextRun SpellingErrorV2Themed SCXW30292438 BCX0\">RheumaBuddy<\/span><span class=\"NormalTextRun SCXW30292438 BCX0\"> (<\/span><span class=\"NormalTextRun SCXW30292438 BCX0\">im Weiteren <\/span><span class=\"NormalTextRun SCXW30292438 BCX0\">\u201e<\/span><span class=\"NormalTextRun SCXW30292438 BCX0\">S<\/span><span class=\"NormalTextRun SCXW30292438 BCX0\">ystem\u201d) <\/span><span class=\"NormalTextRun SCXW30292438 BCX0\">auf irgendeine Weise nutzen,<\/span> <span class=\"NormalTextRun SCXW30292438 BCX0\">einschlie\u00dflich <\/span><span class=\"NormalTextRun SCXW30292438 BCX0\">f\u00fcr <\/span><span class=\"NormalTextRun SCXW30292438 BCX0\">d<\/span><span class=\"NormalTextRun SCXW30292438 BCX0\">i<\/span><span class=\"NormalTextRun SCXW30292438 BCX0\">e Bereitstellung von Inhalten und d<\/span><span class=\"NormalTextRun SCXW30292438 BCX0\">i<\/span><span class=\"NormalTextRun SCXW30292438 BCX0\">e Interaktion mit anderen Nutzern<\/span>.<\/span><span data-contrast=\"none\">\u00a0<\/span><span data-ccp-props=\"{\">\u00a0<\/span><\/p>\n<h3 aria-level=\"2\"><span class=\"NormalTextRun SCXW164795121 BCX0\" data-ccp-parastyle=\"heading 1\">DURCHSETZ<\/span><span class=\"NormalTextRun SCXW164795121 BCX0\" data-ccp-parastyle=\"heading 1\">UNG<\/span><\/h3>\n<p><span data-contrast=\"auto\">Du er bekendt med og accepterer, at vi ikke er forpligtede til at f\u00f8re tilsyn med, overv\u00e5ge eller moderere indhold eller brug. Du vil derfor muligvis kunne se, l\u00e6se eller opleve indhold i systemet, som du m\u00e5ske ikke er enig i, eller som kan v\u00e6kke negative f\u00f8lelser.<\/span><span data-ccp-props=\"{\">\u00a0<\/span><\/p>\n<p><span data-contrast=\"auto\">Du er ligeledes bekendt med og accepterer, at vi til enhver tid kan slette eller moderere indhold, hvis en brugers aktivitet anses for at v\u00e6re i strid med betingelserne for acceptabel brug. I alvorlige tilf\u00e6lde kan vi til enhver tid og uden varsel suspendere eller lukke adgangen til systemet. I s\u00e5 fald og s\u00e5fremt du er utilfreds med beslutningen, bedes du benytte kontaktinformationen til at indgive en klage.\u00a0<\/span><span data-ccp-props=\"{\">\u00a0<\/span><\/p>\n<p><span data-contrast=\"auto\">Eventuel skade, der p\u00e5f\u00f8res os som f\u00f8lge af manglende overholdelse af disse betingelser for acceptabel brug, afg\u00f8res i henhold til g\u00e6ldende lovgivning.<\/span> <span data-ccp-props=\"{\">\u00a0<\/span><\/p>\n<h3 aria-level=\"2\"><span class=\"TextRun SCXW126743640 BCX0\" lang=\"DE-DE\" xml:lang=\"DE-DE\" data-contrast=\"none\"><span class=\"NormalTextRun SCXW126743640 BCX0\" data-ccp-parastyle=\"heading 1\">SIE M\u00dcSSEN DIESE BEDINGUNGEN EINHALTEN<\/span><\/span><\/h3>\n<p><span data-contrast=\"auto\">Ved at bruge systemet erkl\u00e6rer du dig enig i betingelserne, samt indvilliger i at f\u00f8lge dem. Hvis du ikke er enig i betingelserne, m\u00e5 du ikke bruge systemet. Vi anbefaler, at du udskriver eller downloader en kopi af disse betingelser som dokumentation.\u00a0<\/span><span data-ccp-props=\"{\">\u00a0<\/span><\/p>\n<p><span data-contrast=\"auto\">Du skal v\u00e6re opm\u00e6rksom p\u00e5, at andre betingelser kan g\u00e6lde for dig, n\u00e5r du bruger systemet.<\/span><span data-ccp-props=\"{\">\u00a0<\/span><\/p>\n<p><span data-contrast=\"auto\">Vi kan til enhver tid \u00e6ndre disse betingelser efter behov. I s\u00e5 fald giver vi dig besked, n\u00e6ste gang du logger p\u00e5 systemet.<\/span><\/p>\n<h3 aria-level=\"2\"><span class=\"NormalTextRun SCXW174051589 BCX0\" data-ccp-parastyle=\"heading 1\">WER SIND WIR UND WI<\/span><span class=\"NormalTextRun SCXW174051589 BCX0\" data-ccp-parastyle=\"heading 1\">E<\/span><span class=\"NormalTextRun SCXW174051589 BCX0\" data-ccp-parastyle=\"heading 1\"> K\u00d6NNEN SIE UNS KONTAKTIEREN?<\/span><\/h3>\n<p><span data-contrast=\"auto\">Virksomhedsinformation:<\/span><span data-ccp-props=\"{\">\u00a0<\/span><\/p>\n<p>Navn: HealthBuddy P\/S<\/p>\n<p>CVR-nr. (moms): 43700634<\/p>\n<p>Beliggenhed: Vesterbrogade 149<\/p>\n<p>By: 1620 K\u00f8benhavn K<\/p>\n<p>Land: Danmark (DK)<\/p>\n<p>Hjemmeside: <a href=\"https:\/\/www.healthbuddy.eu\">https:\/\/www.healthbuddy.eu<\/a><span class=\"Apple-converted-space\">\u00a0<\/span><\/p>\n<p>Tlf.: (+45) 29 70 18 00<\/p>\n<p>E-mail: <a href=\"mailto:contact@healthbuddy.eu\">contact@healthbuddy.eu<\/a><span class=\"Apple-converted-space\">\u00a0<\/span><\/p>\n<h3 aria-level=\"2\"><span class=\"NormalTextRun SCXW21100203 BCX0\" data-ccp-parastyle=\"heading 1\">VERBOTENE NUTZUNGEN:<\/span> <span class=\"NormalTextRun SCXW21100203 BCX0\" data-ccp-parastyle=\"heading 1\">DAS D\u00dcRFEN SIE NICHT TUN<\/span><\/h3>\n<p><span data-contrast=\"auto\">Du m\u00e5 kun anvende systemet til lovlige form\u00e5l.\u00a0<\/span><span data-ccp-props=\"{\">\u00a0<\/span><\/p>\n<p><span data-contrast=\"auto\">Du m\u00e5 ikke bruge vores system:<\/span><span data-ccp-props=\"{\">\u00a0<\/span><\/p>\n<ul>\n<li data-leveltext=\"\uf0b7\" data-font=\"Symbol\" data-listid=\"7\" data-list-defn-props=\"{\" aria-setsize=\"-1\" data-aria-posinset=\"1\" data-aria-level=\"1\"><span data-contrast=\"auto\">p\u00e5 nogen m\u00e5de, som overtr\u00e6der g\u00e6ldende lokal, national eller international lovgivning eller forordning.<\/span><span data-ccp-props=\"{\">\u00a0<\/span><\/li>\n<li data-leveltext=\"\uf0b7\" data-font=\"Symbol\" data-listid=\"7\" data-list-defn-props=\"{\" aria-setsize=\"-1\" data-aria-posinset=\"2\" data-aria-level=\"1\"><span data-contrast=\"auto\">p\u00e5 nogen m\u00e5de, der er ulovlig eller svigagtig, eller som har et eventuelt ulovligt eller svigagtigt form\u00e5l eller virkning.<\/span><span data-ccp-props=\"{\">\u00a0<\/span><\/li>\n<li data-leveltext=\"\uf0b7\" data-font=\"Symbol\" data-listid=\"7\" data-list-defn-props=\"{\" aria-setsize=\"-1\" data-aria-posinset=\"3\" data-aria-level=\"1\"><span data-contrast=\"auto\">p\u00e5 nogen m\u00e5de, som skader mindre\u00e5rige.<\/span><span data-ccp-props=\"{\">\u00a0<\/span><\/li>\n<li data-leveltext=\"\uf0b7\" data-font=\"Symbol\" data-listid=\"7\" data-list-defn-props=\"{\" aria-setsize=\"-1\" data-aria-posinset=\"4\" data-aria-level=\"1\"><span data-contrast=\"auto\">til at overf\u00f8re, eller foranledige fremsendelse af uopfordrede eller uautoriserede reklamer eller reklamemateriale eller nogen anden form for tilsvarende uanmodede henvendelser (spam).<\/span><span data-ccp-props=\"{\">\u00a0<\/span><\/li>\n<li data-leveltext=\"\uf0b7\" data-font=\"Symbol\" data-listid=\"7\" data-list-defn-props=\"{\" aria-setsize=\"-1\" data-aria-posinset=\"5\" data-aria-level=\"1\"><span data-contrast=\"auto\">til bevidst at overf\u00f8re data, sende eller uploade materiale, der indeholder virusser s\u00e5som trojanske heste, orme, tidsbomber, tastaturloggere, spyware, adware eller nogen anden form for skadelige programmer eller lignende computerkode beregnet til at skade driften af computersoftware eller \u00adhardware.<\/span><span data-ccp-props=\"{\">\u00a0<\/span><\/li>\n<\/ul>\n<ul>\n<li data-leveltext=\"\uf0b7\" data-font=\"Symbol\" data-listid=\"7\" data-list-defn-props=\"{\" aria-setsize=\"-1\" data-aria-posinset=\"1\" data-aria-level=\"1\"><span data-contrast=\"auto\">til at sende, bevidst modtage, uploade, downloade, bruge eller genbruge materiale, som ikke f\u00f8lger vores standarder for indhold (se nedenfor).<\/span><span data-ccp-props=\"{\">\u00a0<\/span><\/li>\n<\/ul>\n<p><span data-contrast=\"auto\">Du accepterer ligeledes:<\/span><span data-ccp-props=\"{\">\u00a0<\/span><\/p>\n<ul>\n<li data-leveltext=\"\uf0b7\" data-font=\"Symbol\" data-listid=\"8\" data-list-defn-props=\"{\" aria-setsize=\"-1\" data-aria-posinset=\"2\" data-aria-level=\"1\"><span data-contrast=\"auto\">at du ikke m\u00e5 gengive, duplikere, kopiere eller videres\u00e6lge dele af vores system eller indhold i systemet.<\/span><span data-ccp-props=\"{\">\u00a0<\/span><\/li>\n<li data-leveltext=\"\uf0b7\" data-font=\"Symbol\" data-listid=\"8\" data-list-defn-props=\"{\" aria-setsize=\"-1\" data-aria-posinset=\"3\" data-aria-level=\"1\"><span data-contrast=\"auto\">at du ikke uden bemyndigelse m\u00e5 tilg\u00e5, ikke m\u00e5 forhindre, skade eller forstyrre: nogen dele af systemet; noget udstyr eller netv\u00e6rk, hvorp\u00e5 systemet er gemt; nogen software, som anvendes til at levere systemet; eller noget udstyr eller netv\u00e6rk eller software, som tilh\u00f8rer eller anvendes af tredjeparter.<\/span><\/li>\n<\/ul>\n<h3 aria-level=\"2\"><span class=\"TextRun SCXW232649113 BCX0\" lang=\"DE-DE\" xml:lang=\"DE-DE\" data-contrast=\"none\"><span class=\"NormalTextRun SCXW232649113 BCX0\" data-ccp-parastyle=\"heading 1\">INHALTSSTANDARDS<\/span><\/span><\/h3>\n<p><span data-contrast=\"auto\">Enhver brug af systemet, herunder bidrag af indhold, m\u00e5 ikke<\/span><span data-ccp-props=\"{\">\u00a0<\/span><\/p>\n<ul>\n<li data-leveltext=\"\uf0b7\" data-font=\"Symbol\" data-listid=\"9\" data-list-defn-props=\"{\" aria-setsize=\"-1\" data-aria-posinset=\"1\" data-aria-level=\"1\"><span data-contrast=\"auto\">v\u00e6re injurierende for andre.<\/span><span data-ccp-props=\"{\">\u00a0<\/span><\/li>\n<li data-leveltext=\"\uf0b7\" data-font=\"Symbol\" data-listid=\"9\" data-list-defn-props=\"{\" aria-setsize=\"-1\" data-aria-posinset=\"2\" data-aria-level=\"1\"><span data-contrast=\"auto\">v\u00e6re uanst\u00e6ndigt, st\u00f8dende, hadefuldt eller opildnende.<\/span><span data-ccp-props=\"{\">\u00a0<\/span><\/li>\n<li data-leveltext=\"\uf0b7\" data-font=\"Symbol\" data-listid=\"9\" data-list-defn-props=\"{\" aria-setsize=\"-1\" data-aria-posinset=\"3\" data-aria-level=\"1\"><span data-contrast=\"auto\">promovere seksuelt materiale.<\/span><span data-ccp-props=\"{\">\u00a0<\/span><\/li>\n<li data-leveltext=\"\uf0b7\" data-font=\"Symbol\" data-listid=\"9\" data-list-defn-props=\"{\" aria-setsize=\"-1\" data-aria-posinset=\"4\" data-aria-level=\"1\"><span data-contrast=\"auto\">tilskynde til vold.<\/span><span data-ccp-props=\"{\">\u00a0<\/span><\/li>\n<\/ul>\n<ul>\n<li data-leveltext=\"\uf0b7\" data-font=\"Symbol\" data-listid=\"9\" data-list-defn-props=\"{\" aria-setsize=\"-1\" data-aria-posinset=\"1\" data-aria-level=\"1\"><span data-contrast=\"auto\">opmuntre til diskrimination p\u00e5 baggrund af race, k\u00f8n, religion, nationalitet, invaliditet, seksuel eller politisk overbevisning eller alder.<\/span><span data-ccp-props=\"{\">\u00a0<\/span><\/li>\n<li data-leveltext=\"\uf0b7\" data-font=\"Symbol\" data-listid=\"9\" data-list-defn-props=\"{\" aria-setsize=\"-1\" data-aria-posinset=\"2\" data-aria-level=\"1\"><span data-contrast=\"auto\">kr\u00e6nke ophavsrettigheder, databaserettigheder eller varem\u00e6rker tilh\u00f8rende tredjeparter.<\/span><span data-ccp-props=\"{\">\u00a0<\/span><\/li>\n<li data-leveltext=\"\uf0b7\" data-font=\"Symbol\" data-listid=\"9\" data-list-defn-props=\"{\" aria-setsize=\"-1\" data-aria-posinset=\"3\" data-aria-level=\"1\"><span data-contrast=\"auto\">v\u00e6re egnet til at vildlede andre.<\/span><span data-ccp-props=\"{\">\u00a0<\/span><\/li>\n<li data-leveltext=\"\uf0b7\" data-font=\"Symbol\" data-listid=\"9\" data-list-defn-props=\"{\" aria-setsize=\"-1\" data-aria-posinset=\"4\" data-aria-level=\"1\"><span data-contrast=\"auto\">overtr\u00e6de en juridisk forpligtelse over for en tredjepart s\u00e5som en kontraktlig forpligtelse eller tavshedspligt.<\/span><span data-ccp-props=\"{\">\u00a0<\/span><\/li>\n<li data-leveltext=\"\uf0b7\" data-font=\"Symbol\" data-listid=\"9\" data-list-defn-props=\"{\" aria-setsize=\"-1\" data-aria-posinset=\"5\" data-aria-level=\"1\"><span data-contrast=\"auto\">fremme ulovlig aktivitet.<\/span><span data-ccp-props=\"{\">\u00a0<\/span><\/li>\n<\/ul>\n<ul>\n<li data-leveltext=\"\uf0b7\" data-font=\"Symbol\" data-listid=\"9\" data-list-defn-props=\"{\" aria-setsize=\"-1\" data-aria-posinset=\"1\" data-aria-level=\"1\"><span data-contrast=\"auto\">udvise foragt for domstolene.<\/span><span data-ccp-props=\"{\">\u00a0<\/span><\/li>\n<li data-leveltext=\"\uf0b7\" data-font=\"Symbol\" data-listid=\"9\" data-list-defn-props=\"{\" aria-setsize=\"-1\" data-aria-posinset=\"2\" data-aria-level=\"1\"><span data-contrast=\"auto\">v\u00e6re truende, misbruge eller kr\u00e6nke andres privatliv, eller give anledning til irritation, gene eller un\u00f8dig \u00e6ngstelse.<\/span><span data-ccp-props=\"{\">\u00a0<\/span><\/li>\n<li data-leveltext=\"\uf0b7\" data-font=\"Symbol\" data-listid=\"9\" data-list-defn-props=\"{\" aria-setsize=\"-1\" data-aria-posinset=\"3\" data-aria-level=\"1\"><span data-contrast=\"auto\">v\u00e6re egnet til at chikanere, ryste, forurolige, irritere eller bringe andre i forlegenhed.<\/span><span data-ccp-props=\"{\">\u00a0<\/span><\/li>\n<li data-leveltext=\"\uf0b7\" data-font=\"Symbol\" data-listid=\"9\" data-list-defn-props=\"{\" aria-setsize=\"-1\" data-aria-posinset=\"4\" data-aria-level=\"1\"><span data-contrast=\"auto\">anvendes til at foregive at v\u00e6re en anden eller forvanske din identitet eller tilknytning til andre.<\/span><span data-ccp-props=\"{\">\u00a0<\/span><\/li>\n<li data-leveltext=\"\uf0b7\" data-font=\"Symbol\" data-listid=\"9\" data-list-defn-props=\"{\" aria-setsize=\"-1\" data-aria-posinset=\"5\" data-aria-level=\"1\"><span data-contrast=\"auto\">give indtryk af, at indholdet stammer fra os, hvis dette ikke er tilf\u00e6ldet.<\/span><span data-ccp-props=\"{\">\u00a0<\/span><\/li>\n<\/ul>\n<ul>\n<li data-leveltext=\"\uf0b7\" data-font=\"Symbol\" data-listid=\"9\" data-list-defn-props=\"{\" aria-setsize=\"-1\" data-aria-posinset=\"1\" data-aria-level=\"1\"><span data-contrast=\"auto\">agitere for, fremme, tilskynde andre til at beg\u00e5, eller bist\u00e5 med, ulovlige eller kriminelle handlinger s\u00e5som (eksempelvis) kr\u00e6nkelse af ophavsrettigheder eller computermisbrug.<\/span><span data-ccp-props=\"{\">\u00a0<\/span><\/li>\n<li data-leveltext=\"\uf0b7\" data-font=\"Symbol\" data-listid=\"9\" data-list-defn-props=\"{\" aria-setsize=\"-1\" data-aria-posinset=\"2\" data-aria-level=\"1\"><span data-contrast=\"auto\">indeholde et udsagn, som du ved eller tror, eller har rimelig grund til at tro, kan blive opfattet som en direkte eller indirekte opfordring eller anden tilskyndelse til at beg\u00e5, forberede eller anstifte terrorhandlinger af de personer, som det er offentliggjort eller skal offentligg\u00f8res til.<\/span><\/li>\n<\/ul>\n<h3 aria-level=\"2\"><span class=\"TextRun SCXW7253680 BCX0\" lang=\"DE-DE\" xml:lang=\"DE-DE\" data-contrast=\"none\"><span class=\"NormalTextRun SCXW7253680 BCX0\" data-ccp-parastyle=\"heading 1\">HAFTUNG<\/span><\/span><\/h3>\n<p><span data-contrast=\"auto\">DA SYSTEMET STILLES GRATIS TIL R\u00c5DIGHED, ER ANSVARET BEGR\u00c6NSET TIL GRATIS GENOPRETTELSE AF SYSTEMET UDEN UGRUNDET OPHOLD INDEN FOR RIMELIG TID OG RESSOURCEFORBRUG. KRAV UDOVER DETTE ER BEGR\u00c6NSET TIL VORES ANSVAR I HENHOLD TIL BINDENDE OFFENTLIG LOVGIVNING.<\/span><span data-ccp-props=\"{\">\u00a0<\/span><\/p>\n<p><span data-contrast=\"auto\">VI KAN UNDER INGEN OMST\u00c6NDIGHEDER HOLDES ANSVARLIGE FOR ANDRE SKADER, HERUNDER BL.A. F\u00d8LGESKADER, TABT FORTJENESTE, S\u00c6RLIGE, INDIREKTE ELLER H\u00c6NDELIGE SKADER, OG ENHVER SKADE, DER OPST\u00c5R SOM F\u00d8LGE AF ENHVER ART ELLER FORM FOR KOMMERCIELT, FORRETNINGSM\u00c6SSIGT ELLER \u00d8KONOMISK TAB SOM F\u00d8LGE AF ELLER OPST\u00c5ET VED BRUG AF ELLER MANGLENDE MULIGHED FOR AT BRUGE SYSTEMET ELLER SUPPORTTJENESTER. DETTE G\u00c6LDER UANSET, OM VI M\u00c5TTE HAVE FAKTISK ELLER FORMODET KENDSKAB TIL MULIGHEDEN FOR S\u00c5DANNE SKADER, OG UANSET OM S\u00c5DANNE SKADER VAR P\u00c5REGNELIGE.<\/span><span data-ccp-props=\"{\">\u00a0<\/span><\/p>\n<p><span data-contrast=\"auto\">Denne begr\u00e6nsning g\u00e6lder alle forhold relateret til eller hidr\u00f8rende fra systemet, supporttjenester eller din brug eller resultaterne af din brug af eller manglende mulighed for at bruge systemet eller supporttjenesterne. Ligeledes g\u00e6lder det alle krav vedr\u00f8rende misligholdelse af aftale, brud p\u00e5 indest\u00e5elser, garantier, betingelser, objektivt ansvar, fors\u00f8mmelse, anden skadeg\u00f8rende handling, eller andre teoretiske krav, s\u00e5 vidt loven tillader det. Dette g\u00e6lder, uanset om reparation, udskiftning eller tilbagebetaling for systemet eller supporttjenesterne ikke d\u00e6kker hele dit tab.<\/span><\/p>\n<h3><span class=\"TextRun SCXW153528256 BCX0\" lang=\"EN-US\" xml:lang=\"EN-US\" data-contrast=\"none\"><span class=\"NormalTextRun SCXW153528256 BCX0\" data-ccp-parastyle=\"heading 1\"><span class=\"TextRun SCXW64759360 BCX0\" lang=\"DE-DE\" xml:lang=\"DE-DE\" data-contrast=\"none\"><span class=\"NormalTextRun SCXW64759360 BCX0\" data-ccp-parastyle=\"heading 1\">DAS GESETZ WELCHEN LANDES IST AUF STREITIGKEITEN ANWENDBAR<\/span><\/span>?<\/span><\/span><\/h3>\n<p><span data-contrast=\"auto\">Disse betingelser og enhver tvist, strid eller krav, som udspringer af eller i forbindelse hermed, betingelsernes genstand eller indg\u00e5else, herunder tvister eller krav relateret til ikke-kontraktlige forpligtelser reguleres og fortolkes alene i henhold til dansk ret.<\/span><span data-ccp-props=\"{\">\u00a0<\/span><\/p>\n<p><span data-contrast=\"auto\">Enhver tvist, strid eller krav, som udspringer af eller i forbindelse med denne aftale, herunder dennes indg\u00e5else, gyldighed, bindende virkning, fortolkning, opfyldelse, misligholdelse eller oph\u00f8r samt ikke-kontraktlige krav, skal udelukkende afg\u00f8res ved byretten i K\u00f8benhavn.<\/span><\/p>\n<h3 aria-level=\"2\"><span class=\"TextRun SCXW89815062 BCX0\" lang=\"DE-DE\" xml:lang=\"DE-DE\" data-contrast=\"none\"><span class=\"NormalTextRun SCXW89815062 BCX0\" data-ccp-parastyle=\"heading 1\">Sponsoring<\/span><\/span><\/h3>\n<p><span data-contrast=\"auto\">RheumaBuddy\u202fhat finanzielle Unterst\u00fctzung von seinen Sponsoren erhalten.\u202f<\/span><span data-ccp-props=\"{\">\u00a0<\/span><\/p>\n<p><span data-contrast=\"auto\">Die Sponsoren haben keinen Einfluss auf die entwickelten Funktionen und den Inhalt.\u202f\u202f<\/span><span data-ccp-props=\"{\">\u00a0<\/span><\/p>\n<p><span data-contrast=\"auto\">Sponsoren haben keinen Zugang zu personenbezogenen Daten.\u202f<\/span><span data-ccp-props=\"{\">\u00a0<\/span><\/p>\n<p><span data-contrast=\"auto\">Sponsoren bekommen Berichte \u00fcber kumulative Nutzungsstatistiken (vollst\u00e4ndig anonymisiert und entpersonalisiert).<\/span><\/p>\n<\/div>\n<\/div>\n<\/div>\n<\/div>\n<\/div>\n<\/div>\n<\/div>\n<\/div>\n<\/div>\n<\/div>\n<\/div>\n<\/div>\n<div id=\"yui_3_17_2_1_1630059037078_164\" class=\"row sqs-row\">\n<div id=\"yui_3_17_2_1_1630059037078_163\" class=\"col sqs-col-12 span-12\">\n<div id=\"yui_3_17_2_1_1630059037078_190\" class=\"row sqs-row\">\n<div id=\"yui_3_17_2_1_1630059037078_189\" class=\"col sqs-col-9 span-9\">\n<div id=\"block-725c386ba571942ad965\" class=\"sqs-block html-block sqs-block-html\" data-block-type=\"2\">\n<div id=\"yui_3_17_2_1_1630059037078_193\" class=\"sqs-block-content\"><\/div>\n<\/div>\n<\/div>\n<\/div>\n<\/div>\n<\/div>\n<\/div>\n<\/div>\n<\/div>\n<\/div>\n<div id=\"yui_3_17_2_1_1630059037078_164\" class=\"row sqs-row\">\n<div id=\"yui_3_17_2_1_1630059037078_163\" class=\"col sqs-col-12 span-12\">\n<div id=\"yui_3_17_2_1_1630059037078_190\" class=\"row sqs-row\">\n<div id=\"yui_3_17_2_1_1630059037078_189\" class=\"col sqs-col-9 span-9\">\n<div id=\"block-725c386ba571942ad965\" class=\"sqs-block html-block sqs-block-html\" data-block-type=\"2\">\n<div id=\"yui_3_17_2_1_1630059037078_193\" class=\"sqs-block-content\"><\/div>\n<\/div>\n<\/div>\n<\/div>\n<\/div>\n<\/div>\n<\/div><\/section>\n","protected":false},"excerpt":{"rendered":"","protected":false},"author":9,"featured_media":0,"parent":0,"menu_order":4,"comment_status":"closed","ping_status":"closed","template":"","meta":{"footnotes":""},"class_list":["post-3657","page","type-page","status-publish","hentry"],"yoast_head":"<!-- This site is optimized with the Yoast SEO plugin v19.13 - https:\/\/yoast.com\/wordpress\/plugins\/seo\/ -->\n<title>Terms of Use - RheumaBuddy<\/title>\n<meta name=\"robots\" content=\"index, follow, max-snippet:-1, max-image-preview:large, max-video-preview:-1\" \/>\n<link rel=\"canonical\" href=\"https:\/\/rheumabuddy.com\/de-ch\/terms-of-use\/\" \/>\n<meta property=\"og:locale\" content=\"de_DE\" \/>\n<meta property=\"og:type\" content=\"article\" \/>\n<meta property=\"og:title\" content=\"Terms of Use - RheumaBuddy\" \/>\n<meta property=\"og:url\" content=\"https:\/\/rheumabuddy.com\/de-ch\/terms-of-use\/\" \/>\n<meta property=\"og:site_name\" content=\"RheumaBuddy\" \/>\n<meta property=\"article:modified_time\" content=\"2025-06-06T19:47:27+00:00\" \/>\n<meta name=\"twitter:card\" content=\"summary_large_image\" \/>\n<meta name=\"twitter:label1\" content=\"Est. reading time\" \/>\n\t<meta name=\"twitter:data1\" content=\"6\u00a0Minuten\" \/>\n<script type=\"application\/ld+json\" class=\"yoast-schema-graph\">{\"@context\":\"https:\/\/schema.org\",\"@graph\":[{\"@type\":\"WebPage\",\"@id\":\"https:\/\/rheumabuddy.com\/de-ch\/terms-of-use\/\",\"url\":\"https:\/\/rheumabuddy.com\/de-ch\/terms-of-use\/\",\"name\":\"Terms of Use - RheumaBuddy\",\"isPartOf\":{\"@id\":\"https:\/\/rheumabuddy.com\/de-ch\/#website\"},\"datePublished\":\"2022-07-04T15:48:25+00:00\",\"dateModified\":\"2025-06-06T19:47:27+00:00\",\"breadcrumb\":{\"@id\":\"https:\/\/rheumabuddy.com\/de-ch\/terms-of-use\/#breadcrumb\"},\"inLanguage\":\"de-CH\",\"potentialAction\":[{\"@type\":\"ReadAction\",\"target\":[\"https:\/\/rheumabuddy.com\/de-ch\/terms-of-use\/\"]}]},{\"@type\":\"BreadcrumbList\",\"@id\":\"https:\/\/rheumabuddy.com\/de-ch\/terms-of-use\/#breadcrumb\",\"itemListElement\":[{\"@type\":\"ListItem\",\"position\":1,\"name\":\"Home\",\"item\":\"https:\/\/rheumabuddy.com\/de-ch\/\"},{\"@type\":\"ListItem\",\"position\":2,\"name\":\"Terms of Use\"}]},{\"@type\":\"WebSite\",\"@id\":\"https:\/\/rheumabuddy.com\/de-ch\/#website\",\"url\":\"https:\/\/rheumabuddy.com\/de-ch\/\",\"name\":\"RheumaBuddy\",\"description\":\"Gain a greater control of your arthritis\",\"potentialAction\":[{\"@type\":\"SearchAction\",\"target\":{\"@type\":\"EntryPoint\",\"urlTemplate\":\"https:\/\/rheumabuddy.com\/de-ch\/?s={search_term_string}\"},\"query-input\":\"required name=search_term_string\"}],\"inLanguage\":\"de-CH\"}]}<\/script>\n<!-- \/ Yoast SEO plugin. -->","yoast_head_json":{"title":"Terms of Use - RheumaBuddy","robots":{"index":"index","follow":"follow","max-snippet":"max-snippet:-1","max-image-preview":"max-image-preview:large","max-video-preview":"max-video-preview:-1"},"canonical":"https:\/\/rheumabuddy.com\/de-ch\/terms-of-use\/","og_locale":"de_DE","og_type":"article","og_title":"Terms of Use - RheumaBuddy","og_url":"https:\/\/rheumabuddy.com\/de-ch\/terms-of-use\/","og_site_name":"RheumaBuddy","article_modified_time":"2025-06-06T19:47:27+00:00","twitter_card":"summary_large_image","twitter_misc":{"Est. reading time":"6\u00a0Minuten"},"schema":{"@context":"https:\/\/schema.org","@graph":[{"@type":"WebPage","@id":"https:\/\/rheumabuddy.com\/de-ch\/terms-of-use\/","url":"https:\/\/rheumabuddy.com\/de-ch\/terms-of-use\/","name":"Terms of Use - RheumaBuddy","isPartOf":{"@id":"https:\/\/rheumabuddy.com\/de-ch\/#website"},"datePublished":"2022-07-04T15:48:25+00:00","dateModified":"2025-06-06T19:47:27+00:00","breadcrumb":{"@id":"https:\/\/rheumabuddy.com\/de-ch\/terms-of-use\/#breadcrumb"},"inLanguage":"de-CH","potentialAction":[{"@type":"ReadAction","target":["https:\/\/rheumabuddy.com\/de-ch\/terms-of-use\/"]}]},{"@type":"BreadcrumbList","@id":"https:\/\/rheumabuddy.com\/de-ch\/terms-of-use\/#breadcrumb","itemListElement":[{"@type":"ListItem","position":1,"name":"Home","item":"https:\/\/rheumabuddy.com\/de-ch\/"},{"@type":"ListItem","position":2,"name":"Terms of Use"}]},{"@type":"WebSite","@id":"https:\/\/rheumabuddy.com\/de-ch\/#website","url":"https:\/\/rheumabuddy.com\/de-ch\/","name":"RheumaBuddy","description":"Gain a greater control of your arthritis","potentialAction":[{"@type":"SearchAction","target":{"@type":"EntryPoint","urlTemplate":"https:\/\/rheumabuddy.com\/de-ch\/?s={search_term_string}"},"query-input":"required name=search_term_string"}],"inLanguage":"de-CH"}]}},"_links":{"self":[{"href":"https:\/\/rheumabuddy.com\/de-ch\/wp-json\/wp\/v2\/pages\/3657","targetHints":{"allow":["GET"]}}],"collection":[{"href":"https:\/\/rheumabuddy.com\/de-ch\/wp-json\/wp\/v2\/pages"}],"about":[{"href":"https:\/\/rheumabuddy.com\/de-ch\/wp-json\/wp\/v2\/types\/page"}],"author":[{"embeddable":true,"href":"https:\/\/rheumabuddy.com\/de-ch\/wp-json\/wp\/v2\/users\/9"}],"replies":[{"embeddable":true,"href":"https:\/\/rheumabuddy.com\/de-ch\/wp-json\/wp\/v2\/comments?post=3657"}],"version-history":[{"count":4,"href":"https:\/\/rheumabuddy.com\/de-ch\/wp-json\/wp\/v2\/pages\/3657\/revisions"}],"predecessor-version":[{"id":3947,"href":"https:\/\/rheumabuddy.com\/de-ch\/wp-json\/wp\/v2\/pages\/3657\/revisions\/3947"}],"wp:attachment":[{"href":"https:\/\/rheumabuddy.com\/de-ch\/wp-json\/wp\/v2\/media?parent=3657"}],"curies":[{"name":"wp","href":"https:\/\/api.w.org\/{rel}","templated":true}]}}