{"id":1676,"date":"2020-11-21T00:11:42","date_gmt":"2020-11-20T23:11:42","guid":{"rendered":"http:\/\/rheumabuddy.com\/privacy-policy\/"},"modified":"2021-12-28T13:25:34","modified_gmt":"2021-12-28T12:25:34","slug":"privacy-policy","status":"publish","type":"page","link":"https:\/\/rheumabuddy.com\/de-at\/privacy-policy\/","title":{"rendered":"Privacy Policy"},"content":{"rendered":"<section class=\"av_textblock_section \"  itemscope=\"itemscope\" itemtype=\"https:\/\/schema.org\/CreativeWork\" ><div class='avia_textblock  '   itemprop=\"text\" ><div id=\"yui_3_17_2_1_1630059037078_131\" class=\"row sqs-row\">\n<div id=\"yui_3_17_2_1_1630059037078_130\" class=\"col sqs-col-12 span-12\">\n<div id=\"block-31a12eb44ade652f3b64\" class=\"sqs-block html-block sqs-block-html\" data-block-type=\"2\">\n<div class=\"sqs-block-content\">\n<h2 aria-level=\"1\"><span data-ccp-props=\"{\">Datenschutzrichtlinie <\/span><\/h2>\n<p><span data-contrast=\"auto\">Ihre Privatsph\u00e4re ist RheumaBuddy wichtig. Diese Richtlinie legt die Informationspraktiken von RheumaBuddy-Webseiten offen, einschlie\u00dflich Angaben dazu, welche Arten von Informationen wir erfassen und nachverfolgen und an wen wir sie weitergeben.<\/span><span data-ccp-props=\"{\">\u00a0<\/span><\/p>\n<p><span data-contrast=\"auto\"><span class=\"TextRun BCX0 SCXW65148944\" lang=\"DE-DE\" xml:lang=\"DE-DE\" data-contrast=\"none\"><span class=\"NormalTextRun BCX0 SCXW65148944\">Indem Sie diese Webseite nutzen, stimmen Sie der in dieser Datenschutzrichtlinie\u00a0<\/span><span class=\"NormalTextRun BCX0 SCXW65148944\">aufgef\u00fchrten Erfassung und Nutzung von I<\/span><span class=\"NormalTextRun BCX0 SCXW65148944\">nformation<\/span><span class=\"NormalTextRun BCX0 SCXW65148944\">en zu<\/span><span class=\"NormalTextRun BCX0 SCXW65148944\">.\u00a0<\/span><span class=\"NormalTextRun BCX0 SCXW65148944\">Sie erkennen<\/span><span class=\"NormalTextRun BCX0 SCXW65148944\">\u00a0auch\u00a0<\/span><span class=\"NormalTextRun BCX0 SCXW65148944\">an, dass<\/span><span class=\"NormalTextRun BCX0 SCXW65148944\">\u00a0<\/span><span class=\"NormalTextRun SpellingErrorV2 BCX0 SCXW65148944\">RheumaBuddy<\/span><span class=\"NormalTextRun BCX0 SCXW65148944\">\u00a0<\/span><span class=\"NormalTextRun BCX0 SCXW65148944\">diese Datenschutzrichtlinie nach seinem alleinigen Ermessen\u00a0<\/span><span class=\"NormalTextRun BCX0 SCXW65148944\">ohne Vorank\u00fcndigung\u00a0<\/span><span class=\"NormalTextRun BCX0 SCXW65148944\">jeder<\/span><span class=\"NormalTextRun BCX0 SCXW65148944\">zeit \u00e4ndern, entfernen oder ansonsten aktualisieren<\/span><span class=\"NormalTextRun BCX0 SCXW65148944\">\u00a0kann<\/span><span class=\"NormalTextRun BCX0 SCXW65148944\">.\u00a0<\/span><span class=\"NormalTextRun BCX0 SCXW65148944\">Es ist unsere Absicht, solche \u00c4nderungen auf dieser Seite zu posten, so dass Sie vollst\u00e4ndig \u00fcber die Art von I<\/span><span class=\"NormalTextRun BCX0 SCXW65148944\">nformation<\/span><span class=\"NormalTextRun BCX0 SCXW65148944\">e<\/span><span class=\"NormalTextRun BCX0 SCXW65148944\">n informiert sind, die wir erfassen, wie wir sie verwenden und unter welchen Umst\u00e4nden sie offengelegt werden k\u00f6nnen<\/span><span class=\"NormalTextRun BCX0 SCXW65148944\">.<\/span><\/span><span class=\"LineBreakBlob BlobObject DragDrop BCX0 SCXW65148944\"><span class=\"BCX0 SCXW65148944\">\u00a0<\/span><br class=\"BCX0 SCXW65148944\" \/><\/span><span class=\"TextRun BCX0 SCXW65148944\" lang=\"DE-DE\" xml:lang=\"DE-DE\" data-contrast=\"none\"><span class=\"NormalTextRun BCX0 SCXW65148944\">Unsere Datenschutzrichtlinie ist leicht zu finden, da sie\u00a0<\/span><span class=\"NormalTextRun BCX0 SCXW65148944\">si<\/span><span class=\"NormalTextRun BCX0 SCXW65148944\">ch auf unserer Startseite befindet und mit jedem Teil der Webseite verk<\/span><span class=\"NormalTextRun BCX0 SCXW65148944\">n\u00fcpft ist, auf dem personenbezogene Daten angefragt werden<\/span><span class=\"NormalTextRun BCX0 SCXW65148944\">. A<\/span><span class=\"NormalTextRun BCX0 SCXW65148944\">n solchen Erfassungsstellen w<\/span><span class=\"NormalTextRun BCX0 SCXW65148944\">e<\/span><span class=\"NormalTextRun BCX0 SCXW65148944\">rden\u00a0<\/span><span class=\"NormalTextRun BCX0 SCXW65148944\">gegebenenfalls<\/span><span class=\"NormalTextRun BCX0 SCXW65148944\">\u00a0weitere Erkl\u00e4rungen zu dem Zweck<\/span><span class=\"NormalTextRun BCX0 SCXW65148944\">\u00a0<\/span><span class=\"NormalTextRun BCX0 SCXW65148944\">abgegeben,<\/span><span class=\"NormalTextRun BCX0 SCXW65148944\">\u00a0zu dem diese Daten genutzt werden<\/span><span class=\"NormalTextRun BCX0 SCXW65148944\">.\u00a0<\/span><span class=\"NormalTextRun BCX0 SCXW65148944\">Diese Datenschutzrichtlinie<\/span><span class=\"NormalTextRun BCX0 SCXW65148944\">\u00a0gibt<\/span><span class=\"NormalTextRun BCX0 SCXW65148944\">\u00a0zusammen mit zus\u00e4tzlichen Erkl\u00e4rungen an, wie wir Ihre Daten behandeln, die Sie uns<\/span><span class=\"NormalTextRun BCX0 SCXW65148944\">\u00a0<\/span><span class=\"NormalTextRun BCX0 SCXW65148944\">im Zusammenh<\/span><span class=\"NormalTextRun BCX0 SCXW65148944\">ang mit der Nutzung unserer Webseiten freiwillig bereitstellen<\/span><\/span>.<\/span><span data-ccp-props=\"{\">\u00a0<\/span><\/p>\n<h3 aria-level=\"2\"><span data-ccp-props=\"{\">Zusicherung zum Datenschutz <\/span><\/h3>\n<p><span data-contrast=\"auto\">Der Begriff \u201epersonenbezogene Daten\u201d bezieht sich in dieser Richtlinie auf Informationen wie Ihren Namen, Ihr Geburtsdatum, Ihre E-Mail-Adresse, Ihre Postanschrift, Telefonnummer oder IP-Adresse, die verwendet werden k\u00f6nnen, um Sie zu identifizieren. Ganz allgemein verarbeitet RheumaBuddy Ihre personenbezogenen Daten nicht ohne Ihre Einwilligung. Wir behalten uns jedoch das Recht vor, in au\u00dfergew\u00f6hnlichen Umst\u00e4nden eine zus\u00e4tzliche Verarbeitung im Rahmen des gesetzlich Zul\u00e4ssigen oder Erforderlichen auszuf\u00fchren. Der n\u00e4chste Abschnitt erkl\u00e4rt, wie und wann wir personenbezogene Daten von Ihnen erfassen.<\/span><span data-ccp-props=\"{\">\u00a0<\/span><span data-ccp-props=\"{\">\u00a0<\/span><\/p>\n<h3 aria-level=\"2\"><span data-ccp-props=\"{\">Beabsichtigte Nutzung personenbezogener Daten <\/span><\/h3>\n<p><span data-contrast=\"auto\">Die meisten unserer Services erfordern keine Form der Registrierung, und Sie k\u00f6nnen unsere Webseite besuchen, ohne uns zu sagen, wer Sie sind. Einige unserer Services erfordern jedoch eine Registrierung. Wenn Sie sich bei uns registrieren, m\u00fcssen Sie eventuell gewisse Felder ausf\u00fcllen (einige sind Pflichtfelder, andere sind optional) sowie einen Benutzernamen und ein Passwort ausw\u00e4hlen. In diesen Situationen k\u00f6nnen Sie, wenn Sie sich weigern, einige von uns angeforderte personenbezogene Daten anzugeben, eventuell auf bestimmte Teile der Webseite nicht zugreifen, und wir k\u00f6nnen Ihre Anfrage nicht beantworten.<\/span><br \/>\n<span data-contrast=\"auto\">Wir verarbeiten personenbezogene Daten zu den Zwecken, die wir angeben, wenn wir Sie nach Informationen fragen. Beispielsweise k\u00f6nnen wir Ihre personenbezogenen Daten erfassen und nutzen, um Ihnen Services bereitzustellen oder zu anderen Zwecken mit Ihnen zu kommunizieren. Wir bewahren Ihre Daten im Einklang mit geltenden gesetzlichen oder ethischen Bestimmungen zur Berichterstattung oder Aufbewahrung von Dokumenten auf.<\/span><\/p>\n<h3 aria-level=\"2\"><span data-ccp-props=\"{\">Nichtoffenlegung von Informationen <\/span><\/h3>\n<p><span data-contrast=\"auto\">Weder verkaufen wir Ihre personenbezogenen Daten, noch geben wir sie ansonsten an Dritte weiter, au\u00dfer in dem Ma\u00dfe, wie dies in dieser Datenschutzrichtlinie angegeben wird. Personenbezogene Daten k\u00f6nnen gelegentlich an Dritte weitergegeben werden, die f\u00fcr oder im Auftrag von RheumaBuddy handeln oder im Zusammenhang mit Transaktionen mit RheumaBuddy, aber nur f\u00fcr eine Weiterverarbeitung im Einklang mit den Zwecken, f\u00fcr die die Daten urspr\u00fcnglich erfasst wurden, zum Beispiel Lieferservices, Auswertung oder technische Unterst\u00fctzung. Diese Dritten haben einen Vertrag mit RheumaBuddy abgeschlossen und werden die personenbezogenen Daten nur zu dem vereinbarten Zweck nutzen und sie nicht an Dritte weiterverkaufen und sie Dritten gegen\u00fcber nicht offenlegen, au\u00dfer wenn dies gesetzlich erforderlich ist. Wenn es zu einer Offenlegung von personenbezogenen Daten gegen\u00fcber Dritten kommt, geben wir uns alle M\u00fche um sicherzustellen, dass die Verarbeitung gem\u00e4\u00df den Zwecken und innerhalb der Beschr\u00e4nkungen stattfindet, zu dem die Daten urspr\u00fcnglich erfasst wurden.<\/span><\/p>\n<p><span data-contrast=\"auto\">Es gibt zwei weitere F\u00e4lle, in denen personenbezogene Daten, die wir von Ihnen erfasst haben, an Dritte \u00fcbertragen werden k\u00f6nnen. Erstens im Fall, dass das Unternehmen, das Eigent\u00fcmer dieser Webseite und der damit verbundenen Kundendaten ist, verkauft, abgetreten oder \u00fcbertragen wird, in welchem Fall wir von dem K\u00e4ufer, dem Abtretungsempf\u00e4nger oder dem \u00dcbernehmer fordern w\u00fcrden, die personenbezogenen Daten im Einklang mit dieser Datenschutzrichtlinie zu behandeln. Der zweite Fall, in dem personenbezogene Daten gegen\u00fcber Dritten offengelegt werden k\u00f6nnen ist, wenn wir aufgrund eines geltenden Gesetzes, eines Gerichtsbeschlusses oder einer Regierungsverordnung dazu verpflichtet sind oder wenn eine solche Offenlegung ansonsten notwendig ist, um eine gesetzliche oder strafrechtliche Untersuchung zu unterst\u00fctzen.<\/span><span data-ccp-props=\"{\">\u00a0<\/span><span data-ccp-props=\"{\">\u00a0<\/span><\/p>\n<h3 aria-level=\"2\"><span data-ccp-props=\"{\">Recht auf Zugang <\/span><\/h3>\n<p><span data-contrast=\"auto\">Sie haben das Recht, sicherzustellen, dass Ihre personenbezogenen Daten aktuell sind. Wenn Sie uns in Bezug auf unsere Nutzung Ihrer personenbezogenen Daten kontaktieren wollen, schicken Sie uns eine E-Mail an <a href=\"mailto:support@rheumabuddy.com\">support@rheumabuddy.com<\/a>. Wenn Sie uns kontaktieren, schreiben Sie uns bitte, welche spezifischen Informationen wir berichtigen, aktualisieren oder l\u00f6schen sollen. Ihre Anfragen werden schnell und ordnungsgem\u00e4\u00df bearbeitet. Anfragen f\u00fcr das L\u00f6schen personenbezogener Daten unterliegen m\u00f6glichen uns auferlegten gesetzlichen und ethischen Verpflichtungen zur Berichterstattung oder Dokumentenaufbewahrung.<\/span><span data-ccp-props=\"{\">\u00a0<\/span><\/p>\n<h3 aria-level=\"2\"><span data-ccp-props=\"{\">Sicherheit und Vertraulichkeit <\/span><\/h3>\n<p><span data-contrast=\"auto\">Um die Sicherheit und Vertraulichkeit Ihrer personenbezogenen Daten, die wir online erfassen, zu gew\u00e4hrleisten, verwenden wir Datennetzwerke, die von einer Firewall und Passw\u00f6rtern nach Branchenstandard gesch\u00fctzt werden. Bei dem Umgang mit Ihren personenbezogenen Daten ergreifen wir angemessene Ma\u00dfnahmen, um die Informationen vor Verlust, Missbrauch, unbefugtem Zugriff, Offenlegung, \u00c4nderung oder Vernichtung zu sch\u00fctzen. Zwar k\u00f6nnen wir nicht garantieren, dass es nicht zu einem Verlust, Missbrauch oder einer \u00c4nderung der Daten kommt, aber wir bem\u00fchen uns nach Kr\u00e4ften, solche Vorkommnisse zu vermeiden.<\/span><span data-ccp-props=\"{\">\u00a0<\/span><span data-ccp-props=\"{\">\u00a0<\/span><\/p>\n<h3 aria-level=\"2\"><span data-ccp-props=\"{\">Anonyme Daten und \u201eCookies\u201d <\/span><\/h3>\n<p><span data-contrast=\"auto\">Wir k\u00f6nnen anonyme Informationen \u00fcber Ihren Besuch auf dieser Webseite erfassen und verarbeiten, wie zum Beispiel, welche Seiten Sie besuchen und einige der Suchen, die Sie ausf\u00fchren. Solche anonymen Informationen werden verwendet, um den Inhalt dieser Webseite zu verbessern und um zusammenfassende Statistiken dar\u00fcber zu erstellen, wie Personen unsere Webseite nutzen, und zwar zu internen Marktforschungszwecken. Dazu k\u00f6nnen wir \u201eCookies\u201d installieren, die den Dom\u00e4nennamen auf erster Stufe (z.B. \u201chotmail.com\u201d von einer E-Mail-Adresse von \u201c<a href=\"mailto:john@hotmail.com\">john@hotmail.com<\/a>\u201d) und das Datum und die Uhrzeit des Besuchs speichern. \u201eCookies\u201d, die von uns verwendet werden, k\u00f6nnen nicht benutzt werden, um die Identit\u00e4t eines einzelnen Benutzers herauszufinden. Ein \u201eCookie\u201d ist eine Information, die an Ihren Browser gesandt und auf der Festplatte Ihres Computers gespeichert wird.<\/span><\/p>\n<p><span data-contrast=\"auto\">Cookies besch\u00e4digen Ihren Computer nicht. Sie k\u00f6nnen Ihren Browser so einstellen, dass Sie unterrichtet werden, wenn Sie ein \u201eCookie\u201d erhalten; dadurch k\u00f6nnen Sie entscheiden, ob Sie dies zulassen wollen oder nicht. Wir k\u00f6nnen die Services von Dritten verwenden, um uns bei der Erfassung und Verarbeitung der in diesem Abschnitt beschriebenen Informationen zu unterst\u00fctzen, und solche Dritten unterliegen den Verpflichtungen, die in dem Abschnitt \u201eNichtoffenlegung von Informationen\u201d beschrieben sind.<\/span><\/p>\n<p><span data-contrast=\"auto\">Gelegentlich k\u00f6nnen wir Internet-Tags (auch bekannt als Action Tags, Pixel-GIFs, Clear GIFs, unsichtbare GIFs und 1-by-1-GIFs) in Kombination mit Cookies auf dieser Webseite verwenden und k\u00f6nnen diese Tags \u00fcber einen Drittpartei-Werbepartner einsetzen. Diese Tags werden sowohl bei Online-Werbung eingesetzt, die Benutzer zu unserer Webseite bringt, als auch auf verschiedenen Seiten dieser Webseite. Wir verwenden diese Technologie, um die Reaktionen der Besucher auf unsere Webseite und die Wirksamkeit unserer Werbekampagnen zu messen (einschlie\u00dflich der Tatsache, wie oft eine Seite ge\u00f6ffnet wird und welche Informationen angesehen werden). Der Drittpartei-Partner ist vielleicht in der Lage, mithilfe dieser Internet-Tags\/Cookies anonyme zusammengefasste Daten \u00fcber andere Webseiten zu erfassen. Wir m\u00f6chten Ihnen versichern, dass wir mit diesen Tags oder Cookies keine personenbezogenen Daten \u00fcber unsere Besucher erfassen oder suchen, wie Namen, Adressen, E-Mail-Adressen oder Telefonnummern.<\/span><span data-ccp-props=\"{\">\u00a0<\/span><\/p>\n<h3><span data-ccp-props=\"{\">Links zu anderen Webseiten <\/span><\/h3>\n<p><span data-contrast=\"auto\">Diese Datenschutzrichtlinie gilt nur f\u00fcr diese Webseite. Wir k\u00f6nnen Links zu anderen Webseiten bereitstellen, von denen wir denken, dass sie f\u00fcr unsere Besucher von Interesse sein k\u00f6nnten. Wir bem\u00fchen uns sicherzustellen, dass solche Webseiten die h\u00f6chsten Standards einhalten. Aufgrund der Natur des World Wide Web k\u00f6nnen wir die Datenschutzstandards jeder Webseite, zu der wir einen Link bereitstellen, jedoch nicht garantieren, noch sind wir f\u00fcr die Inhalte anderer Webseiten als ausschlie\u00dflich dieser verantwortlich, und diese Datenschutzrichtlinie gilt nicht f\u00fcr andere verkn\u00fcpfte Webseiten, sondern nur f\u00fcr die RheumaBuddy-Webseite.<\/span><span data-ccp-props=\"{\">\u00a0<\/span><\/p>\n<h3 aria-level=\"2\"><span data-ccp-props=\"{\">Kontaktieren Sie uns <\/span><\/h3>\n<p><span data-contrast=\"auto\"><span class=\"TextRun BCX0 SCXW130041700\" lang=\"DE-DE\" xml:lang=\"DE-DE\" data-contrast=\"none\"><span class=\"NormalTextRun BCX0 SCXW130041700\">Wenn Sie Fragen oder Beschwerden \u00fcber unsere Einhaltung dieser Datenschutzrichtlinie haben oder und<\/span><span class=\"NormalTextRun BCX0 SCXW130041700\">\u00a0uns<\/span><span class=\"NormalTextRun BCX0 SCXW130041700\">\u00a0Empfehlungen oder Kommentare \u00fcber eine Verbesserung unserer Datenschutzrichtlinie mitteilen wollen,<\/span><span class=\"NormalTextRun BCX0 SCXW130041700\">\u00a0<\/span><\/span><a class=\"Hyperlink BCX0 SCXW130041700\" href=\"mailto:support@rheumabuddy.com\" target=\"_blank\" rel=\"noreferrer noopener\"><span class=\"TextRun Underlined BCX0 SCXW130041700\" lang=\"DE-DE\" xml:lang=\"DE-DE\" data-contrast=\"none\"><span class=\"NormalTextRun BCX0 SCXW130041700\" data-ccp-charstyle=\"Hyperlink\">wenden Sie sic<\/span><span class=\"NormalTextRun BCX0 SCXW130041700\" data-ccp-charstyle=\"Hyperlink\">h<\/span><span class=\"NormalTextRun BCX0 SCXW130041700\" data-ccp-charstyle=\"Hyperlink\">\u00a0an uns<\/span><\/span><\/a>.<\/span><span data-ccp-props=\"{\">\u00a0<\/span><\/p>\n<\/div>\n<\/div>\n<\/div>\n<\/div>\n<div id=\"yui_3_17_2_1_1630059037078_164\" class=\"row sqs-row\">\n<div id=\"yui_3_17_2_1_1630059037078_163\" class=\"col sqs-col-12 span-12\">\n<div id=\"yui_3_17_2_1_1630059037078_190\" class=\"row sqs-row\">\n<div id=\"yui_3_17_2_1_1630059037078_189\" class=\"col sqs-col-9 span-9\">\n<div id=\"block-725c386ba571942ad965\" class=\"sqs-block html-block sqs-block-html\" data-block-type=\"2\">\n<div id=\"yui_3_17_2_1_1630059037078_193\" class=\"sqs-block-content\"><\/div>\n<\/div>\n<\/div>\n<\/div>\n<\/div>\n<\/div>\n<\/div><\/section>\n","protected":false},"excerpt":{"rendered":"","protected":false},"author":2,"featured_media":0,"parent":0,"menu_order":3,"comment_status":"closed","ping_status":"closed","template":"","meta":{"footnotes":""},"class_list":["post-1676","page","type-page","status-publish","hentry"],"yoast_head":"<!-- This site is optimized with the Yoast SEO plugin v19.13 - https:\/\/yoast.com\/wordpress\/plugins\/seo\/ -->\n<title>Privacy Policy - RheumaBuddy<\/title>\n<meta name=\"robots\" content=\"index, follow, max-snippet:-1, max-image-preview:large, max-video-preview:-1\" \/>\n<link rel=\"canonical\" href=\"https:\/\/rheumabuddy.com\/de-at\/privacy-policy\/\" \/>\n<meta property=\"og:locale\" content=\"de_DE\" \/>\n<meta property=\"og:type\" content=\"article\" \/>\n<meta property=\"og:title\" content=\"Privacy Policy - RheumaBuddy\" \/>\n<meta property=\"og:url\" content=\"https:\/\/rheumabuddy.com\/de-at\/privacy-policy\/\" \/>\n<meta property=\"og:site_name\" content=\"RheumaBuddy\" \/>\n<meta property=\"article:modified_time\" content=\"2021-12-28T12:25:34+00:00\" \/>\n<meta name=\"twitter:card\" content=\"summary_large_image\" \/>\n<meta name=\"twitter:label1\" content=\"Gesch\u00e4tzte Lesezeit\" \/>\n\t<meta name=\"twitter:data1\" content=\"6 Minuten\" \/>\n<script type=\"application\/ld+json\" class=\"yoast-schema-graph\">{\"@context\":\"https:\/\/schema.org\",\"@graph\":[{\"@type\":\"WebPage\",\"@id\":\"https:\/\/rheumabuddy.com\/de-at\/privacy-policy\/\",\"url\":\"https:\/\/rheumabuddy.com\/de-at\/privacy-policy\/\",\"name\":\"Privacy Policy - RheumaBuddy\",\"isPartOf\":{\"@id\":\"https:\/\/rheumabuddy.com\/de-at\/#website\"},\"datePublished\":\"2020-11-20T23:11:42+00:00\",\"dateModified\":\"2021-12-28T12:25:34+00:00\",\"breadcrumb\":{\"@id\":\"https:\/\/rheumabuddy.com\/de-at\/privacy-policy\/#breadcrumb\"},\"inLanguage\":\"de-AT\",\"potentialAction\":[{\"@type\":\"ReadAction\",\"target\":[\"https:\/\/rheumabuddy.com\/de-at\/privacy-policy\/\"]}]},{\"@type\":\"BreadcrumbList\",\"@id\":\"https:\/\/rheumabuddy.com\/de-at\/privacy-policy\/#breadcrumb\",\"itemListElement\":[{\"@type\":\"ListItem\",\"position\":1,\"name\":\"Home\",\"item\":\"https:\/\/rheumabuddy.com\/de-at\/\"},{\"@type\":\"ListItem\",\"position\":2,\"name\":\"Privacy Policy\"}]},{\"@type\":\"WebSite\",\"@id\":\"https:\/\/rheumabuddy.com\/de-at\/#website\",\"url\":\"https:\/\/rheumabuddy.com\/de-at\/\",\"name\":\"RheumaBuddy\",\"description\":\"Gain a greater control of your arthritis\",\"potentialAction\":[{\"@type\":\"SearchAction\",\"target\":{\"@type\":\"EntryPoint\",\"urlTemplate\":\"https:\/\/rheumabuddy.com\/de-at\/?s={search_term_string}\"},\"query-input\":\"required name=search_term_string\"}],\"inLanguage\":\"de-AT\"}]}<\/script>\n<!-- \/ Yoast SEO plugin. -->","yoast_head_json":{"title":"Privacy Policy - RheumaBuddy","robots":{"index":"index","follow":"follow","max-snippet":"max-snippet:-1","max-image-preview":"max-image-preview:large","max-video-preview":"max-video-preview:-1"},"canonical":"https:\/\/rheumabuddy.com\/de-at\/privacy-policy\/","og_locale":"de_DE","og_type":"article","og_title":"Privacy Policy - RheumaBuddy","og_url":"https:\/\/rheumabuddy.com\/de-at\/privacy-policy\/","og_site_name":"RheumaBuddy","article_modified_time":"2021-12-28T12:25:34+00:00","twitter_card":"summary_large_image","twitter_misc":{"Gesch\u00e4tzte Lesezeit":"6 Minuten"},"schema":{"@context":"https:\/\/schema.org","@graph":[{"@type":"WebPage","@id":"https:\/\/rheumabuddy.com\/de-at\/privacy-policy\/","url":"https:\/\/rheumabuddy.com\/de-at\/privacy-policy\/","name":"Privacy Policy - RheumaBuddy","isPartOf":{"@id":"https:\/\/rheumabuddy.com\/de-at\/#website"},"datePublished":"2020-11-20T23:11:42+00:00","dateModified":"2021-12-28T12:25:34+00:00","breadcrumb":{"@id":"https:\/\/rheumabuddy.com\/de-at\/privacy-policy\/#breadcrumb"},"inLanguage":"de-AT","potentialAction":[{"@type":"ReadAction","target":["https:\/\/rheumabuddy.com\/de-at\/privacy-policy\/"]}]},{"@type":"BreadcrumbList","@id":"https:\/\/rheumabuddy.com\/de-at\/privacy-policy\/#breadcrumb","itemListElement":[{"@type":"ListItem","position":1,"name":"Home","item":"https:\/\/rheumabuddy.com\/de-at\/"},{"@type":"ListItem","position":2,"name":"Privacy Policy"}]},{"@type":"WebSite","@id":"https:\/\/rheumabuddy.com\/de-at\/#website","url":"https:\/\/rheumabuddy.com\/de-at\/","name":"RheumaBuddy","description":"Gain a greater control of your arthritis","potentialAction":[{"@type":"SearchAction","target":{"@type":"EntryPoint","urlTemplate":"https:\/\/rheumabuddy.com\/de-at\/?s={search_term_string}"},"query-input":"required name=search_term_string"}],"inLanguage":"de-AT"}]}},"_links":{"self":[{"href":"https:\/\/rheumabuddy.com\/de-at\/wp-json\/wp\/v2\/pages\/1676","targetHints":{"allow":["GET"]}}],"collection":[{"href":"https:\/\/rheumabuddy.com\/de-at\/wp-json\/wp\/v2\/pages"}],"about":[{"href":"https:\/\/rheumabuddy.com\/de-at\/wp-json\/wp\/v2\/types\/page"}],"author":[{"embeddable":true,"href":"https:\/\/rheumabuddy.com\/de-at\/wp-json\/wp\/v2\/users\/2"}],"replies":[{"embeddable":true,"href":"https:\/\/rheumabuddy.com\/de-at\/wp-json\/wp\/v2\/comments?post=1676"}],"version-history":[{"count":2,"href":"https:\/\/rheumabuddy.com\/de-at\/wp-json\/wp\/v2\/pages\/1676\/revisions"}],"predecessor-version":[{"id":2574,"href":"https:\/\/rheumabuddy.com\/de-at\/wp-json\/wp\/v2\/pages\/1676\/revisions\/2574"}],"wp:attachment":[{"href":"https:\/\/rheumabuddy.com\/de-at\/wp-json\/wp\/v2\/media?parent=1676"}],"curies":[{"name":"wp","href":"https:\/\/api.w.org\/{rel}","templated":true}]}}